{"id":385,"date":"2022-01-03T22:04:33","date_gmt":"2022-01-03T21:04:33","guid":{"rendered":"https:\/\/premiumcajevi.com\/?post_type=product&#038;p=385"},"modified":"2022-01-04T22:44:47","modified_gmt":"2022-01-04T21:44:47","slug":"caj-za-zene-lady-tea","status":"publish","type":"product","link":"https:\/\/premiumcajevi.com\/?product=caj-za-zene-lady-tea","title":{"rendered":"\u010caj za \u017eene &#8211; LadyTea"},"content":{"rendered":"<p>Lady Tea<\/p>\n<p>Sada je uvijek pravo vrijeme da si poklonite pa\u017enju i \u0161alicu \u010daja<br \/>\nIma dana kada se jednostavno osje\u0107amo potpuno bezvoljno. Hormoni i emocije voze se na roller coasterima, spu\u0161taju se, di\u017eu i okre\u0107u i samo uz veliki napor uspijevamo ostati u svojoj ravnote\u017ei. Umjesto da se borimo protiv toga i time tro\u0161imo jo\u0161 vi\u0161e energije, mo\u017eemo osvijestiti da se uvijek nalazimo u jednom od perioda prirodnog \u017eivotnog ciklusa u kojem faze aktivnosti slijede faze odmora.<br \/>\nMajka priroda pri tom nam pru\u017ea podr\u0161ku svojim blagodatima \u2013 i stavlja snagu prirode u svaku svoju nje\u017enu biljku. Pa\u017eljivo ubrane, bri\u017eno obra\u0111ene i pripremljene u pravoj dozi u obliku \u010daja, biljke otkrivaju svoj puni potencijal &#8211; neke posebno samo za nas \u017eene.<br \/>\nZdravlje \u017eena u skladu s prirodom &#8211; postoji biljka protiv gotovo svake \u017eenske boljke<br \/>\nCvijet nevena i Herba kantariona pripadaju me\u0111u najpoznatije \u017eensko bilje. Za oboje se ka\u017ee da imaju uskla\u0111uju\u0107i u\u010dinak i mogu na mnogo na\u010dina pozitivno utjecati na \u017eenski ciklus. Herba kunice tako\u0111er imaju reguliraju\u0107a svojstva i mogu pomo\u0107i tijelu da se pripremi za porod, posebno pred kraj trudno\u0107e.<br \/>\nList kadulje je bogat mineralima posebno se preporu\u010duje pri zadr\u017eavanju vode. Op\u0107enito se ka\u017ee da \u010daj od mati\u010dnjaka ima ja\u010daju\u0107i u\u010dinak na \u017eene i njihovu plodnost. Mati\u010dnjak se tako\u0111er mo\u017ee na\u0107i u mnogim \u017eenskim mje\u0161avinama \u010daja. Mo\u017ee vam pomo\u0107i pobolj\u0161ati cirkulaciju, ubla\u017eiti glavobolju i smiriti osjetljivi \u017eeludac i zabrinuti um.<\/p>\n<p>Tako\u0111er crvena djetelina ne bi trebala ostati nespomenute, jer su ove biljke tako\u0111er posve\u0107ene nje\u017enoj podr\u0161ci nas \u017eena.<br \/>\nSada kada znate osnove \u017eenskog bilja, htjeli bismo s vama podijeliti nekoliko savjeta za svaku \u017eivotnu situaciju. Op\u0107enito, prednost je integrirati \u017eenske \u010dajeve u svakodnevni \u017eivot u ranoj fazi. Na taj se na\u010din preventivno mogu suzbiti mogu\u0107e kasnije tegobe.<br \/>\nImajte na umu da su to samo preporuke, jer konvencionalnom medicinom nije dokazan odgovaraju\u0107i u\u010dinak. Svakako se preporu\u010duje prethodno savjetovanje s lije\u010dnikom kojem vjerujete &#8211; posebno tijekom trudno\u0107e.<\/p>\n<p>Sastav\/Ingredients:<br \/>\nCvijet nevena (Calendula officinalis) (Marigold flower)<br \/>\nHerba kantariona (Hypericum perforatum) (St John's-wort )<br \/>\nHerba kunice (Millefolii herba) (Yarrow herb)<br \/>\nList kadulje (Salvia officinalis ) (Sage leaf)<br \/>\nCrvena djetelina (Trifolium pratense) (Red Clover)<br \/>\nMati\u010dnjak list (Melissa officinalis) (Lemon balm)<\/p>\n","protected":false},"excerpt":{"rendered":"<p>Uskoro detaljniji opis.<\/p>\n","protected":false},"featured_media":321,"comment_status":"open","ping_status":"closed","template":"","meta":[],"product_brand":[],"product_cat":[68],"product_tag":[],"class_list":{"0":"post-385","1":"product","2":"type-product","3":"status-publish","4":"has-post-thumbnail","6":"product_cat-cajevi","8":"first","9":"instock","10":"shipping-taxable","11":"purchasable","12":"product-type-simple"},"yoast_head":"<!-- This site is optimized with the Yoast SEO plugin v27.4 - https:\/\/yoast.com\/product\/yoast-seo-wordpress\/ -->\n<title>\u010caj za \u017eene - AlmaTea Premium \u010cajevi<\/title>\n<meta name=\"description\" content=\"\u010caj za ubla\u017eavanje menstrualnih tegoba i hormonskog disbalansa kod \u017eena.\" \/>\n<meta name=\"robots\" content=\"index, follow, max-snippet:-1, max-image-preview:large, max-video-preview:-1\" \/>\n<link rel=\"canonical\" href=\"https:\/\/premiumcajevi.com\/trgovina\/caj-za-zene-lady-tea\/\" \/>\n<meta property=\"og:locale\" content=\"bs_BA\" \/>\n<meta property=\"og:type\" content=\"article\" \/>\n<meta property=\"og:title\" content=\"\u010caj za \u017eene - AlmaTea Premium \u010cajevi\" \/>\n<meta property=\"og:description\" content=\"\u010caj za ubla\u017eavanje menstrualnih tegoba i hormonskog disbalansa kod \u017eena.\" \/>\n<meta property=\"og:url\" content=\"https:\/\/premiumcajevi.com\/trgovina\/caj-za-zene-lady-tea\/\" \/>\n<meta property=\"og:site_name\" content=\"AlmaTea Premium \u010cajevi\" \/>\n<meta property=\"article:modified_time\" content=\"2022-01-04T21:44:47+00:00\" \/>\n<meta property=\"og:image\" content=\"https:\/\/ml1lrpgbyx31.i.optimole.com\/cb:CBbv~4b6a2\/w:auto\/h:auto\/q:mauto\/f:best\/ig:avif\/id:b2013532057de292d788d798986f3aff\/https:\/\/almadermtea.com\/Slika-39.jpg\" \/>\n\t<meta property=\"og:image:width\" content=\"1024\" \/>\n\t<meta property=\"og:image:height\" content=\"682\" \/>\n\t<meta property=\"og:image:type\" content=\"image\/jpeg\" \/>\n<meta name=\"twitter:card\" content=\"summary_large_image\" \/>\n<meta name=\"twitter:label1\" content=\"Est. reading time\" \/>\n\t<meta name=\"twitter:data1\" content=\"2 minute\" \/>\n<script type=\"application\/ld+json\" class=\"yoast-schema-graph\">{\"@context\":\"https:\\\/\\\/schema.org\",\"@graph\":[{\"@type\":\"WebPage\",\"@id\":\"https:\\\/\\\/premiumcajevi.com\\\/trgovina\\\/caj-za-zene-lady-tea\\\/\",\"url\":\"https:\\\/\\\/premiumcajevi.com\\\/trgovina\\\/caj-za-zene-lady-tea\\\/\",\"name\":\"\u010caj za \u017eene - AlmaTea Premium \u010cajevi\",\"isPartOf\":{\"@id\":\"https:\\\/\\\/premiumcajevi.com\\\/#website\"},\"primaryImageOfPage\":{\"@id\":\"https:\\\/\\\/premiumcajevi.com\\\/trgovina\\\/caj-za-zene-lady-tea\\\/#primaryimage\"},\"image\":{\"@id\":\"https:\\\/\\\/premiumcajevi.com\\\/trgovina\\\/caj-za-zene-lady-tea\\\/#primaryimage\"},\"thumbnailUrl\":\"https:\\/\\/premiumcajevi.com\\/wp-content\\/uploads\\/2022\\/02\\/Slika-39.jpg\",\"datePublished\":\"2022-01-03T21:04:33+00:00\",\"dateModified\":\"2022-01-04T21:44:47+00:00\",\"description\":\"\u010caj za ubla\u017eavanje menstrualnih tegoba i hormonskog disbalansa kod \u017eena.\",\"breadcrumb\":{\"@id\":\"https:\\\/\\\/premiumcajevi.com\\\/trgovina\\\/caj-za-zene-lady-tea\\\/#breadcrumb\"},\"inLanguage\":\"bs-BA\",\"potentialAction\":[{\"@type\":\"ReadAction\",\"target\":[\"https:\\\/\\\/premiumcajevi.com\\\/trgovina\\\/caj-za-zene-lady-tea\\\/\"]}]},{\"@type\":\"ImageObject\",\"inLanguage\":\"bs-BA\",\"@id\":\"https:\\\/\\\/premiumcajevi.com\\\/trgovina\\\/caj-za-zene-lady-tea\\\/#primaryimage\",\"url\":\"https:\\/\\/premiumcajevi.com\\/wp-content\\/uploads\\/2022\\/02\\/Slika-39.jpg\",\"contentUrl\":\"https:\\/\\/premiumcajevi.com\\/wp-content\\/uploads\\/2022\\/02\\/Slika-39.jpg\",\"width\":1024,\"height\":682},{\"@type\":\"BreadcrumbList\",\"@id\":\"https:\\\/\\\/premiumcajevi.com\\\/trgovina\\\/caj-za-zene-lady-tea\\\/#breadcrumb\",\"itemListElement\":[{\"@type\":\"ListItem\",\"position\":1,\"name\":\"Home\",\"item\":\"https:\\\/\\\/premiumcajevi.com\\\/\"},{\"@type\":\"ListItem\",\"position\":2,\"name\":\"Trgovina\",\"item\":\"https:\\\/\\\/premiumcajevi.com\\\/?page_id=7\"},{\"@type\":\"ListItem\",\"position\":3,\"name\":\"\u010caj za \u017eene &#8211; LadyTea\"}]},{\"@type\":\"WebSite\",\"@id\":\"https:\\\/\\\/premiumcajevi.com\\\/#website\",\"url\":\"https:\\\/\\\/premiumcajevi.com\\\/\",\"name\":\"AlmaTea Premium \u010cajevi\",\"description\":\"Prirodi \u010dajevi vrhunskog kvaliteta\",\"potentialAction\":[{\"@type\":\"SearchAction\",\"target\":{\"@type\":\"EntryPoint\",\"urlTemplate\":\"https:\\\/\\\/premiumcajevi.com\\\/?s={search_term_string}\"},\"query-input\":{\"@type\":\"PropertyValueSpecification\",\"valueRequired\":true,\"valueName\":\"search_term_string\"}}],\"inLanguage\":\"bs-BA\"}]}<\/script>\n<!-- \/ Yoast SEO plugin. -->","yoast_head_json":{"title":"\u010caj za \u017eene - AlmaTea Premium \u010cajevi","description":"\u010caj za ubla\u017eavanje menstrualnih tegoba i hormonskog disbalansa kod \u017eena.","robots":{"index":"index","follow":"follow","max-snippet":"max-snippet:-1","max-image-preview":"max-image-preview:large","max-video-preview":"max-video-preview:-1"},"canonical":"https:\/\/premiumcajevi.com\/trgovina\/caj-za-zene-lady-tea\/","og_locale":"bs_BA","og_type":"article","og_title":"\u010caj za \u017eene - AlmaTea Premium \u010cajevi","og_description":"\u010caj za ubla\u017eavanje menstrualnih tegoba i hormonskog disbalansa kod \u017eena.","og_url":"https:\/\/premiumcajevi.com\/trgovina\/caj-za-zene-lady-tea\/","og_site_name":"AlmaTea Premium \u010cajevi","article_modified_time":"2022-01-04T21:44:47+00:00","og_image":[{"width":1024,"height":682,"url":"https:\/\/ml1lrpgbyx31.i.optimole.com\/cb:CBbv~4b6a2\/w:auto\/h:auto\/q:mauto\/f:best\/ig:avif\/id:b2013532057de292d788d798986f3aff\/https:\/\/almadermtea.com\/Slika-39.jpg","type":"image\/jpeg"}],"twitter_card":"summary_large_image","twitter_misc":{"Est. reading time":"2 minute"},"schema":{"@context":"https:\/\/schema.org","@graph":[{"@type":"WebPage","@id":"https:\/\/premiumcajevi.com\/trgovina\/caj-za-zene-lady-tea\/","url":"https:\/\/premiumcajevi.com\/trgovina\/caj-za-zene-lady-tea\/","name":"\u010caj za \u017eene - AlmaTea Premium \u010cajevi","isPartOf":{"@id":"https:\/\/premiumcajevi.com\/#website"},"primaryImageOfPage":{"@id":"https:\/\/premiumcajevi.com\/trgovina\/caj-za-zene-lady-tea\/#primaryimage"},"image":{"@id":"https:\/\/premiumcajevi.com\/trgovina\/caj-za-zene-lady-tea\/#primaryimage"},"thumbnailUrl":"https:\/\/ml1lrpgbyx31.i.optimole.com\/cb:CBbv~4b6a2\/w:auto\/h:auto\/q:mauto\/f:best\/ig:avif\/https:\/\/premiumcajevi.com\/wp-content\/uploads\/2022\/02\/Slika-39.jpg","datePublished":"2022-01-03T21:04:33+00:00","dateModified":"2022-01-04T21:44:47+00:00","description":"\u010caj za ubla\u017eavanje menstrualnih tegoba i hormonskog disbalansa kod \u017eena.","breadcrumb":{"@id":"https:\/\/premiumcajevi.com\/trgovina\/caj-za-zene-lady-tea\/#breadcrumb"},"inLanguage":"bs-BA","potentialAction":[{"@type":"ReadAction","target":["https:\/\/premiumcajevi.com\/trgovina\/caj-za-zene-lady-tea\/"]}]},{"@type":"ImageObject","inLanguage":"bs-BA","@id":"https:\/\/premiumcajevi.com\/trgovina\/caj-za-zene-lady-tea\/#primaryimage","url":"https:\/\/ml1lrpgbyx31.i.optimole.com\/cb:CBbv~4b6a2\/w:auto\/h:auto\/q:mauto\/f:best\/ig:avif\/https:\/\/premiumcajevi.com\/wp-content\/uploads\/2022\/02\/Slika-39.jpg","contentUrl":"https:\/\/ml1lrpgbyx31.i.optimole.com\/cb:CBbv~4b6a2\/w:auto\/h:auto\/q:mauto\/f:best\/ig:avif\/https:\/\/premiumcajevi.com\/wp-content\/uploads\/2022\/02\/Slika-39.jpg","width":1024,"height":682},{"@type":"BreadcrumbList","@id":"https:\/\/premiumcajevi.com\/trgovina\/caj-za-zene-lady-tea\/#breadcrumb","itemListElement":[{"@type":"ListItem","position":1,"name":"Home","item":"https:\/\/premiumcajevi.com\/"},{"@type":"ListItem","position":2,"name":"Trgovina","item":"https:\/\/premiumcajevi.com\/?page_id=7"},{"@type":"ListItem","position":3,"name":"\u010caj za \u017eene &#8211; LadyTea"}]},{"@type":"WebSite","@id":"https:\/\/premiumcajevi.com\/#website","url":"https:\/\/premiumcajevi.com\/","name":"AlmaTea Premium \u010cajevi","description":"Prirodi \u010dajevi vrhunskog kvaliteta","potentialAction":[{"@type":"SearchAction","target":{"@type":"EntryPoint","urlTemplate":"https:\/\/premiumcajevi.com\/?s={search_term_string}"},"query-input":{"@type":"PropertyValueSpecification","valueRequired":true,"valueName":"search_term_string"}}],"inLanguage":"bs-BA"}]}},"jetpack_sharing_enabled":true,"_links":{"self":[{"href":"https:\/\/premiumcajevi.com\/index.php?rest_route=\/wp\/v2\/product\/385","targetHints":{"allow":["GET"]}}],"collection":[{"href":"https:\/\/premiumcajevi.com\/index.php?rest_route=\/wp\/v2\/product"}],"about":[{"href":"https:\/\/premiumcajevi.com\/index.php?rest_route=\/wp\/v2\/types\/product"}],"replies":[{"embeddable":true,"href":"https:\/\/premiumcajevi.com\/index.php?rest_route=%2Fwp%2Fv2%2Fcomments&post=385"}],"wp:featuredmedia":[{"embeddable":true,"href":"https:\/\/premiumcajevi.com\/index.php?rest_route=\/wp\/v2\/media\/321"}],"wp:attachment":[{"href":"https:\/\/premiumcajevi.com\/index.php?rest_route=%2Fwp%2Fv2%2Fmedia&parent=385"}],"wp:term":[{"taxonomy":"product_brand","embeddable":true,"href":"https:\/\/premiumcajevi.com\/index.php?rest_route=%2Fwp%2Fv2%2Fproduct_brand&post=385"},{"taxonomy":"product_cat","embeddable":true,"href":"https:\/\/premiumcajevi.com\/index.php?rest_route=%2Fwp%2Fv2%2Fproduct_cat&post=385"},{"taxonomy":"product_tag","embeddable":true,"href":"https:\/\/premiumcajevi.com\/index.php?rest_route=%2Fwp%2Fv2%2Fproduct_tag&post=385"}],"curies":[{"name":"wp","href":"https:\/\/api.w.org\/{rel}","templated":true}]}}