{"id":386,"date":"2022-01-03T22:13:02","date_gmt":"2022-01-03T21:13:02","guid":{"rendered":"https:\/\/premiumcajevi.com\/?post_type=product&#038;p=386"},"modified":"2022-04-27T17:43:51","modified_gmt":"2022-04-27T16:43:51","slug":"caj-za-probleme-sa-prostatom-prostattea","status":"publish","type":"product","link":"https:\/\/premiumcajevi.com\/?product=caj-za-probleme-sa-prostatom-prostattea","title":{"rendered":"\u010caj za probleme sa prostatom &#8211; ProstatTea"},"content":{"rendered":"<p>ROSTATTEA<\/p>\n<p>Mje\u0161avina biljnih droga, pospje\u0161uje izlu\u010divanje mokra\u0107e, ispiranje mokra\u0107nih organa, te djeluje protuupalno. List koprive i breze pospje\u0161uju izlu\u010divanje mokra\u0107e, kao i preslica i pirevina. Sjeme lana ima protuupalno djelovanje. List uve djeluje protuupalno i kao korigens ukusa.<br \/>\nSASTAV:<\/p>\n<p>List breze (Betulae folium) (Birch leaf)<br \/>\nPreslica herba (Equiseti herba) (Horsetail stem)<br \/>\nPirevina rizom (Elymus repens) (Couch grass)<br \/>\nList uve (Uvae ursi folium) (Bearberry leaf)<br \/>\nKopriva korijen (Urticae radix) (Nettle root)<br \/>\nSjeme lana (Linum usitatissimum) (Linseed)<\/p>\n","protected":false},"excerpt":{"rendered":"<p>ROSTATTEA Mje\u0161avina biljnih droga, pospje\u0161uje izlu\u010divanje mokra\u0107e, ispiranje mokra\u0107nih organa, te djeluje protuupalno. List koprive i breze pospje\u0161uju izlu\u010divanje mokra\u0107e, kao i preslica i pirevina. Sjeme lana ima protuupalno djelovanje. List uve djeluje protuupalno i kao korigens ukusa. SASTAV: List breze (Betulae folium) (Birch leaf) Preslica herba (Equiseti herba) (Horsetail stem) Pirevina rizom (Elymus repens) [&#8230;]\n","protected":false},"featured_media":324,"comment_status":"open","ping_status":"closed","template":"","meta":[],"product_brand":[],"product_cat":[68],"product_tag":[],"class_list":{"0":"post-386","1":"product","2":"type-product","3":"status-publish","4":"has-post-thumbnail","6":"product_cat-cajevi","8":"first","9":"instock","10":"shipping-taxable","11":"purchasable","12":"product-type-simple"},"yoast_head":"<!-- This site is optimized with the Yoast SEO plugin v27.4 - https:\/\/yoast.com\/product\/yoast-seo-wordpress\/ -->\n<title>\u010caj za probleme sa prostatom - ProstatTea - AlmaTea Premium \u010cajevi<\/title>\n<meta name=\"description\" content=\"\u010caj za probleme sa prostatom.\" \/>\n<meta name=\"robots\" content=\"index, follow, max-snippet:-1, max-image-preview:large, max-video-preview:-1\" \/>\n<link rel=\"canonical\" href=\"https:\/\/premiumcajevi.com\/trgovina\/caj-za-probleme-sa-prostatom-prostattea\/\" \/>\n<meta property=\"og:locale\" content=\"bs_BA\" \/>\n<meta property=\"og:type\" content=\"article\" \/>\n<meta property=\"og:title\" content=\"\u010caj za probleme sa prostatom - ProstatTea - AlmaTea Premium \u010cajevi\" \/>\n<meta property=\"og:description\" content=\"\u010caj za probleme sa prostatom.\" \/>\n<meta property=\"og:url\" content=\"https:\/\/premiumcajevi.com\/trgovina\/caj-za-probleme-sa-prostatom-prostattea\/\" \/>\n<meta property=\"og:site_name\" content=\"AlmaTea Premium \u010cajevi\" \/>\n<meta property=\"article:modified_time\" content=\"2022-04-27T16:43:51+00:00\" \/>\n<meta property=\"og:image\" content=\"https:\/\/ml1lrpgbyx31.i.optimole.com\/cb:CBbv~4b6a2\/w:auto\/h:auto\/q:mauto\/f:best\/ig:avif\/id:5ed963c03f234161042908e7480be9ec\/https:\/\/almadermtea.com\/Slika-42.jpg\" \/>\n\t<meta property=\"og:image:width\" content=\"1024\" \/>\n\t<meta property=\"og:image:height\" content=\"682\" \/>\n\t<meta property=\"og:image:type\" content=\"image\/jpeg\" \/>\n<meta name=\"twitter:card\" content=\"summary_large_image\" \/>\n<meta name=\"twitter:label1\" content=\"Est. reading time\" \/>\n\t<meta name=\"twitter:data1\" content=\"1 minuta\" \/>\n<script type=\"application\/ld+json\" class=\"yoast-schema-graph\">{\"@context\":\"https:\\\/\\\/schema.org\",\"@graph\":[{\"@type\":\"WebPage\",\"@id\":\"https:\\\/\\\/premiumcajevi.com\\\/trgovina\\\/caj-za-probleme-sa-prostatom-prostattea\\\/\",\"url\":\"https:\\\/\\\/premiumcajevi.com\\\/trgovina\\\/caj-za-probleme-sa-prostatom-prostattea\\\/\",\"name\":\"\u010caj za probleme sa prostatom - ProstatTea - AlmaTea Premium \u010cajevi\",\"isPartOf\":{\"@id\":\"https:\\\/\\\/premiumcajevi.com\\\/#website\"},\"primaryImageOfPage\":{\"@id\":\"https:\\\/\\\/premiumcajevi.com\\\/trgovina\\\/caj-za-probleme-sa-prostatom-prostattea\\\/#primaryimage\"},\"image\":{\"@id\":\"https:\\\/\\\/premiumcajevi.com\\\/trgovina\\\/caj-za-probleme-sa-prostatom-prostattea\\\/#primaryimage\"},\"thumbnailUrl\":\"https:\\/\\/premiumcajevi.com\\/wp-content\\/uploads\\/2022\\/02\\/Slika-42.jpg\",\"datePublished\":\"2022-01-03T21:13:02+00:00\",\"dateModified\":\"2022-04-27T16:43:51+00:00\",\"description\":\"\u010caj za probleme sa prostatom.\",\"breadcrumb\":{\"@id\":\"https:\\\/\\\/premiumcajevi.com\\\/trgovina\\\/caj-za-probleme-sa-prostatom-prostattea\\\/#breadcrumb\"},\"inLanguage\":\"bs-BA\",\"potentialAction\":[{\"@type\":\"ReadAction\",\"target\":[\"https:\\\/\\\/premiumcajevi.com\\\/trgovina\\\/caj-za-probleme-sa-prostatom-prostattea\\\/\"]}]},{\"@type\":\"ImageObject\",\"inLanguage\":\"bs-BA\",\"@id\":\"https:\\\/\\\/premiumcajevi.com\\\/trgovina\\\/caj-za-probleme-sa-prostatom-prostattea\\\/#primaryimage\",\"url\":\"https:\\/\\/premiumcajevi.com\\/wp-content\\/uploads\\/2022\\/02\\/Slika-42.jpg\",\"contentUrl\":\"https:\\/\\/premiumcajevi.com\\/wp-content\\/uploads\\/2022\\/02\\/Slika-42.jpg\",\"width\":1024,\"height\":682},{\"@type\":\"BreadcrumbList\",\"@id\":\"https:\\\/\\\/premiumcajevi.com\\\/trgovina\\\/caj-za-probleme-sa-prostatom-prostattea\\\/#breadcrumb\",\"itemListElement\":[{\"@type\":\"ListItem\",\"position\":1,\"name\":\"Home\",\"item\":\"https:\\\/\\\/premiumcajevi.com\\\/\"},{\"@type\":\"ListItem\",\"position\":2,\"name\":\"Trgovina\",\"item\":\"https:\\\/\\\/premiumcajevi.com\\\/?page_id=7\"},{\"@type\":\"ListItem\",\"position\":3,\"name\":\"\u010caj za probleme sa prostatom &#8211; ProstatTea\"}]},{\"@type\":\"WebSite\",\"@id\":\"https:\\\/\\\/premiumcajevi.com\\\/#website\",\"url\":\"https:\\\/\\\/premiumcajevi.com\\\/\",\"name\":\"AlmaTea Premium \u010cajevi\",\"description\":\"Prirodi \u010dajevi vrhunskog kvaliteta\",\"potentialAction\":[{\"@type\":\"SearchAction\",\"target\":{\"@type\":\"EntryPoint\",\"urlTemplate\":\"https:\\\/\\\/premiumcajevi.com\\\/?s={search_term_string}\"},\"query-input\":{\"@type\":\"PropertyValueSpecification\",\"valueRequired\":true,\"valueName\":\"search_term_string\"}}],\"inLanguage\":\"bs-BA\"}]}<\/script>\n<!-- \/ Yoast SEO plugin. -->","yoast_head_json":{"title":"\u010caj za probleme sa prostatom - ProstatTea - AlmaTea Premium \u010cajevi","description":"\u010caj za probleme sa prostatom.","robots":{"index":"index","follow":"follow","max-snippet":"max-snippet:-1","max-image-preview":"max-image-preview:large","max-video-preview":"max-video-preview:-1"},"canonical":"https:\/\/premiumcajevi.com\/trgovina\/caj-za-probleme-sa-prostatom-prostattea\/","og_locale":"bs_BA","og_type":"article","og_title":"\u010caj za probleme sa prostatom - ProstatTea - AlmaTea Premium \u010cajevi","og_description":"\u010caj za probleme sa prostatom.","og_url":"https:\/\/premiumcajevi.com\/trgovina\/caj-za-probleme-sa-prostatom-prostattea\/","og_site_name":"AlmaTea Premium \u010cajevi","article_modified_time":"2022-04-27T16:43:51+00:00","og_image":[{"width":1024,"height":682,"url":"https:\/\/ml1lrpgbyx31.i.optimole.com\/cb:CBbv~4b6a2\/w:auto\/h:auto\/q:mauto\/f:best\/ig:avif\/id:5ed963c03f234161042908e7480be9ec\/https:\/\/almadermtea.com\/Slika-42.jpg","type":"image\/jpeg"}],"twitter_card":"summary_large_image","twitter_misc":{"Est. reading time":"1 minuta"},"schema":{"@context":"https:\/\/schema.org","@graph":[{"@type":"WebPage","@id":"https:\/\/premiumcajevi.com\/trgovina\/caj-za-probleme-sa-prostatom-prostattea\/","url":"https:\/\/premiumcajevi.com\/trgovina\/caj-za-probleme-sa-prostatom-prostattea\/","name":"\u010caj za probleme sa prostatom - ProstatTea - AlmaTea Premium \u010cajevi","isPartOf":{"@id":"https:\/\/premiumcajevi.com\/#website"},"primaryImageOfPage":{"@id":"https:\/\/premiumcajevi.com\/trgovina\/caj-za-probleme-sa-prostatom-prostattea\/#primaryimage"},"image":{"@id":"https:\/\/premiumcajevi.com\/trgovina\/caj-za-probleme-sa-prostatom-prostattea\/#primaryimage"},"thumbnailUrl":"https:\/\/ml1lrpgbyx31.i.optimole.com\/cb:CBbv~4b6a2\/w:auto\/h:auto\/q:mauto\/f:best\/ig:avif\/https:\/\/premiumcajevi.com\/wp-content\/uploads\/2022\/02\/Slika-42.jpg","datePublished":"2022-01-03T21:13:02+00:00","dateModified":"2022-04-27T16:43:51+00:00","description":"\u010caj za probleme sa prostatom.","breadcrumb":{"@id":"https:\/\/premiumcajevi.com\/trgovina\/caj-za-probleme-sa-prostatom-prostattea\/#breadcrumb"},"inLanguage":"bs-BA","potentialAction":[{"@type":"ReadAction","target":["https:\/\/premiumcajevi.com\/trgovina\/caj-za-probleme-sa-prostatom-prostattea\/"]}]},{"@type":"ImageObject","inLanguage":"bs-BA","@id":"https:\/\/premiumcajevi.com\/trgovina\/caj-za-probleme-sa-prostatom-prostattea\/#primaryimage","url":"https:\/\/ml1lrpgbyx31.i.optimole.com\/cb:CBbv~4b6a2\/w:auto\/h:auto\/q:mauto\/f:best\/ig:avif\/https:\/\/premiumcajevi.com\/wp-content\/uploads\/2022\/02\/Slika-42.jpg","contentUrl":"https:\/\/ml1lrpgbyx31.i.optimole.com\/cb:CBbv~4b6a2\/w:auto\/h:auto\/q:mauto\/f:best\/ig:avif\/https:\/\/premiumcajevi.com\/wp-content\/uploads\/2022\/02\/Slika-42.jpg","width":1024,"height":682},{"@type":"BreadcrumbList","@id":"https:\/\/premiumcajevi.com\/trgovina\/caj-za-probleme-sa-prostatom-prostattea\/#breadcrumb","itemListElement":[{"@type":"ListItem","position":1,"name":"Home","item":"https:\/\/premiumcajevi.com\/"},{"@type":"ListItem","position":2,"name":"Trgovina","item":"https:\/\/premiumcajevi.com\/?page_id=7"},{"@type":"ListItem","position":3,"name":"\u010caj za probleme sa prostatom &#8211; ProstatTea"}]},{"@type":"WebSite","@id":"https:\/\/premiumcajevi.com\/#website","url":"https:\/\/premiumcajevi.com\/","name":"AlmaTea Premium \u010cajevi","description":"Prirodi \u010dajevi vrhunskog kvaliteta","potentialAction":[{"@type":"SearchAction","target":{"@type":"EntryPoint","urlTemplate":"https:\/\/premiumcajevi.com\/?s={search_term_string}"},"query-input":{"@type":"PropertyValueSpecification","valueRequired":true,"valueName":"search_term_string"}}],"inLanguage":"bs-BA"}]}},"jetpack_sharing_enabled":true,"_links":{"self":[{"href":"https:\/\/premiumcajevi.com\/index.php?rest_route=\/wp\/v2\/product\/386","targetHints":{"allow":["GET"]}}],"collection":[{"href":"https:\/\/premiumcajevi.com\/index.php?rest_route=\/wp\/v2\/product"}],"about":[{"href":"https:\/\/premiumcajevi.com\/index.php?rest_route=\/wp\/v2\/types\/product"}],"replies":[{"embeddable":true,"href":"https:\/\/premiumcajevi.com\/index.php?rest_route=%2Fwp%2Fv2%2Fcomments&post=386"}],"wp:featuredmedia":[{"embeddable":true,"href":"https:\/\/premiumcajevi.com\/index.php?rest_route=\/wp\/v2\/media\/324"}],"wp:attachment":[{"href":"https:\/\/premiumcajevi.com\/index.php?rest_route=%2Fwp%2Fv2%2Fmedia&parent=386"}],"wp:term":[{"taxonomy":"product_brand","embeddable":true,"href":"https:\/\/premiumcajevi.com\/index.php?rest_route=%2Fwp%2Fv2%2Fproduct_brand&post=386"},{"taxonomy":"product_cat","embeddable":true,"href":"https:\/\/premiumcajevi.com\/index.php?rest_route=%2Fwp%2Fv2%2Fproduct_cat&post=386"},{"taxonomy":"product_tag","embeddable":true,"href":"https:\/\/premiumcajevi.com\/index.php?rest_route=%2Fwp%2Fv2%2Fproduct_tag&post=386"}],"curies":[{"name":"wp","href":"https:\/\/api.w.org\/{rel}","templated":true}]}}