{"id":388,"date":"2022-01-03T22:09:59","date_gmt":"2022-01-03T21:09:59","guid":{"rendered":"https:\/\/premiumcajevi.com\/?post_type=product&#038;p=388"},"modified":"2024-04-18T22:26:49","modified_gmt":"2024-04-18T21:26:49","slug":"caj-za-regulisanje-secera-u-krvi-diabettea","status":"publish","type":"product","link":"https:\/\/premiumcajevi.com\/?product=caj-za-regulisanje-secera-u-krvi-diabettea","title":{"rendered":"\u010caj za regulisanje \u0161e\u0107era u krvi &#8211; DiabetTea"},"content":{"rendered":"<p>DIABETTEA<\/p>\n<p>Mje\u0161avina biljnih sastojaka \u010diji sastojci stimuli\u0161u lu\u010denje enzima za varenje, poma\u017eu regulaciju metabolizma ugljenih hidrata i masti, usporavaju resorpciju glukoze, osloba\u0111aju organizam vi\u0161ka teku\u0107ine, te \u0161tite \u0107elije i ja\u010daju organizam.<br \/>\nBrzo skidanje \u0161e\u0107era u krvi, sprje\u010dava rizik od razvoja komplikacija bolesti bubrega.<\/p>\n<p>SASTAV:<br \/>\nPelin herba (Herba absinthii) (Wormwood)<br \/>\nList breze (Betulae folium) (Birch leaf)<br \/>\nList crnog duda (Morus nigra, folium) (Black mulberry leaf)<br \/>\nPasuljevina (Phaseoli legumen) (Bean Shell)<br \/>\nList koprive (Urticae folium) (Nettle Leaf)<br \/>\nList masline (Olea europaea L. folium) (Olive Leaf)<\/p>\n","protected":false},"excerpt":{"rendered":"<p>Uskoro op\u0161irnije.<\/p>\n","protected":false},"featured_media":328,"comment_status":"open","ping_status":"closed","template":"","meta":[],"product_brand":[],"product_cat":[68],"product_tag":[],"class_list":{"0":"post-388","1":"product","2":"type-product","3":"status-publish","4":"has-post-thumbnail","6":"product_cat-cajevi","8":"first","9":"instock","10":"shipping-taxable","11":"purchasable","12":"product-type-simple"},"yoast_head":"<!-- This site is optimized with the Yoast SEO plugin v27.4 - https:\/\/yoast.com\/product\/yoast-seo-wordpress\/ -->\n<title>\u010caj za regulisanje \u0161e\u0107era u krvi - DiabetTea - AlmaTea Premium \u010cajevi<\/title>\n<meta name=\"description\" content=\"Kombinacija biljaka koje imaju super efekat na regulaciju nivoa \u0161e\u0107era u krvi.\" \/>\n<meta name=\"robots\" content=\"index, follow, max-snippet:-1, max-image-preview:large, max-video-preview:-1\" \/>\n<link rel=\"canonical\" href=\"https:\/\/premiumcajevi.com\/trgovina\/caj-za-regulisanje-secera-u-krvi-diabettea\/\" \/>\n<meta property=\"og:locale\" content=\"bs_BA\" \/>\n<meta property=\"og:type\" content=\"article\" \/>\n<meta property=\"og:title\" content=\"\u010caj za regulisanje \u0161e\u0107era u krvi - DiabetTea - AlmaTea Premium \u010cajevi\" \/>\n<meta property=\"og:description\" content=\"Kombinacija biljaka koje imaju super efekat na regulaciju nivoa \u0161e\u0107era u krvi.\" \/>\n<meta property=\"og:url\" content=\"https:\/\/premiumcajevi.com\/trgovina\/caj-za-regulisanje-secera-u-krvi-diabettea\/\" \/>\n<meta property=\"og:site_name\" content=\"AlmaTea Premium \u010cajevi\" \/>\n<meta property=\"article:modified_time\" content=\"2024-04-18T21:26:49+00:00\" \/>\n<meta property=\"og:image\" content=\"https:\/\/ml1lrpgbyx31.i.optimole.com\/cb:CBbv~4b6a2\/w:auto\/h:auto\/q:mauto\/f:best\/ig:avif\/id:6e098bcff474851ce9ef858b7fcccae1\/https:\/\/almadermtea.com\/Slika-46.jpg\" \/>\n\t<meta property=\"og:image:width\" content=\"1024\" \/>\n\t<meta property=\"og:image:height\" content=\"682\" \/>\n\t<meta property=\"og:image:type\" content=\"image\/jpeg\" \/>\n<meta name=\"twitter:card\" content=\"summary_large_image\" \/>\n<meta name=\"twitter:label1\" content=\"Est. reading time\" \/>\n\t<meta name=\"twitter:data1\" content=\"1 minuta\" \/>\n<script type=\"application\/ld+json\" class=\"yoast-schema-graph\">{\"@context\":\"https:\\\/\\\/schema.org\",\"@graph\":[{\"@type\":\"WebPage\",\"@id\":\"https:\\\/\\\/premiumcajevi.com\\\/trgovina\\\/caj-za-regulisanje-secera-u-krvi-diabettea\\\/\",\"url\":\"https:\\\/\\\/premiumcajevi.com\\\/trgovina\\\/caj-za-regulisanje-secera-u-krvi-diabettea\\\/\",\"name\":\"\u010caj za regulisanje \u0161e\u0107era u krvi - DiabetTea - AlmaTea Premium \u010cajevi\",\"isPartOf\":{\"@id\":\"https:\\\/\\\/premiumcajevi.com\\\/#website\"},\"primaryImageOfPage\":{\"@id\":\"https:\\\/\\\/premiumcajevi.com\\\/trgovina\\\/caj-za-regulisanje-secera-u-krvi-diabettea\\\/#primaryimage\"},\"image\":{\"@id\":\"https:\\\/\\\/premiumcajevi.com\\\/trgovina\\\/caj-za-regulisanje-secera-u-krvi-diabettea\\\/#primaryimage\"},\"thumbnailUrl\":\"https:\\/\\/premiumcajevi.com\\/wp-content\\/uploads\\/2022\\/02\\/Slika-46.jpg\",\"datePublished\":\"2022-01-03T21:09:59+00:00\",\"dateModified\":\"2024-04-18T21:26:49+00:00\",\"description\":\"Kombinacija biljaka koje imaju super efekat na regulaciju nivoa \u0161e\u0107era u krvi.\",\"breadcrumb\":{\"@id\":\"https:\\\/\\\/premiumcajevi.com\\\/trgovina\\\/caj-za-regulisanje-secera-u-krvi-diabettea\\\/#breadcrumb\"},\"inLanguage\":\"bs-BA\",\"potentialAction\":[{\"@type\":\"ReadAction\",\"target\":[\"https:\\\/\\\/premiumcajevi.com\\\/trgovina\\\/caj-za-regulisanje-secera-u-krvi-diabettea\\\/\"]}]},{\"@type\":\"ImageObject\",\"inLanguage\":\"bs-BA\",\"@id\":\"https:\\\/\\\/premiumcajevi.com\\\/trgovina\\\/caj-za-regulisanje-secera-u-krvi-diabettea\\\/#primaryimage\",\"url\":\"https:\\/\\/premiumcajevi.com\\/wp-content\\/uploads\\/2022\\/02\\/Slika-46.jpg\",\"contentUrl\":\"https:\\/\\/premiumcajevi.com\\/wp-content\\/uploads\\/2022\\/02\\/Slika-46.jpg\",\"width\":1024,\"height\":682},{\"@type\":\"BreadcrumbList\",\"@id\":\"https:\\\/\\\/premiumcajevi.com\\\/trgovina\\\/caj-za-regulisanje-secera-u-krvi-diabettea\\\/#breadcrumb\",\"itemListElement\":[{\"@type\":\"ListItem\",\"position\":1,\"name\":\"Home\",\"item\":\"https:\\\/\\\/premiumcajevi.com\\\/\"},{\"@type\":\"ListItem\",\"position\":2,\"name\":\"Trgovina\",\"item\":\"https:\\\/\\\/premiumcajevi.com\\\/?page_id=7\"},{\"@type\":\"ListItem\",\"position\":3,\"name\":\"\u010caj za regulisanje \u0161e\u0107era u krvi &#8211; DiabetTea\"}]},{\"@type\":\"WebSite\",\"@id\":\"https:\\\/\\\/premiumcajevi.com\\\/#website\",\"url\":\"https:\\\/\\\/premiumcajevi.com\\\/\",\"name\":\"AlmaTea Premium \u010cajevi\",\"description\":\"Prirodi \u010dajevi vrhunskog kvaliteta\",\"potentialAction\":[{\"@type\":\"SearchAction\",\"target\":{\"@type\":\"EntryPoint\",\"urlTemplate\":\"https:\\\/\\\/premiumcajevi.com\\\/?s={search_term_string}\"},\"query-input\":{\"@type\":\"PropertyValueSpecification\",\"valueRequired\":true,\"valueName\":\"search_term_string\"}}],\"inLanguage\":\"bs-BA\"}]}<\/script>\n<!-- \/ Yoast SEO plugin. -->","yoast_head_json":{"title":"\u010caj za regulisanje \u0161e\u0107era u krvi - DiabetTea - AlmaTea Premium \u010cajevi","description":"Kombinacija biljaka koje imaju super efekat na regulaciju nivoa \u0161e\u0107era u krvi.","robots":{"index":"index","follow":"follow","max-snippet":"max-snippet:-1","max-image-preview":"max-image-preview:large","max-video-preview":"max-video-preview:-1"},"canonical":"https:\/\/premiumcajevi.com\/trgovina\/caj-za-regulisanje-secera-u-krvi-diabettea\/","og_locale":"bs_BA","og_type":"article","og_title":"\u010caj za regulisanje \u0161e\u0107era u krvi - DiabetTea - AlmaTea Premium \u010cajevi","og_description":"Kombinacija biljaka koje imaju super efekat na regulaciju nivoa \u0161e\u0107era u krvi.","og_url":"https:\/\/premiumcajevi.com\/trgovina\/caj-za-regulisanje-secera-u-krvi-diabettea\/","og_site_name":"AlmaTea Premium \u010cajevi","article_modified_time":"2024-04-18T21:26:49+00:00","og_image":[{"width":1024,"height":682,"url":"https:\/\/ml1lrpgbyx31.i.optimole.com\/cb:CBbv~4b6a2\/w:auto\/h:auto\/q:mauto\/f:best\/ig:avif\/id:6e098bcff474851ce9ef858b7fcccae1\/https:\/\/almadermtea.com\/Slika-46.jpg","type":"image\/jpeg"}],"twitter_card":"summary_large_image","twitter_misc":{"Est. reading time":"1 minuta"},"schema":{"@context":"https:\/\/schema.org","@graph":[{"@type":"WebPage","@id":"https:\/\/premiumcajevi.com\/trgovina\/caj-za-regulisanje-secera-u-krvi-diabettea\/","url":"https:\/\/premiumcajevi.com\/trgovina\/caj-za-regulisanje-secera-u-krvi-diabettea\/","name":"\u010caj za regulisanje \u0161e\u0107era u krvi - DiabetTea - AlmaTea Premium \u010cajevi","isPartOf":{"@id":"https:\/\/premiumcajevi.com\/#website"},"primaryImageOfPage":{"@id":"https:\/\/premiumcajevi.com\/trgovina\/caj-za-regulisanje-secera-u-krvi-diabettea\/#primaryimage"},"image":{"@id":"https:\/\/premiumcajevi.com\/trgovina\/caj-za-regulisanje-secera-u-krvi-diabettea\/#primaryimage"},"thumbnailUrl":"https:\/\/ml1lrpgbyx31.i.optimole.com\/cb:CBbv~4b6a2\/w:auto\/h:auto\/q:mauto\/f:best\/ig:avif\/https:\/\/premiumcajevi.com\/wp-content\/uploads\/2022\/02\/Slika-46.jpg","datePublished":"2022-01-03T21:09:59+00:00","dateModified":"2024-04-18T21:26:49+00:00","description":"Kombinacija biljaka koje imaju super efekat na regulaciju nivoa \u0161e\u0107era u krvi.","breadcrumb":{"@id":"https:\/\/premiumcajevi.com\/trgovina\/caj-za-regulisanje-secera-u-krvi-diabettea\/#breadcrumb"},"inLanguage":"bs-BA","potentialAction":[{"@type":"ReadAction","target":["https:\/\/premiumcajevi.com\/trgovina\/caj-za-regulisanje-secera-u-krvi-diabettea\/"]}]},{"@type":"ImageObject","inLanguage":"bs-BA","@id":"https:\/\/premiumcajevi.com\/trgovina\/caj-za-regulisanje-secera-u-krvi-diabettea\/#primaryimage","url":"https:\/\/ml1lrpgbyx31.i.optimole.com\/cb:CBbv~4b6a2\/w:auto\/h:auto\/q:mauto\/f:best\/ig:avif\/https:\/\/premiumcajevi.com\/wp-content\/uploads\/2022\/02\/Slika-46.jpg","contentUrl":"https:\/\/ml1lrpgbyx31.i.optimole.com\/cb:CBbv~4b6a2\/w:auto\/h:auto\/q:mauto\/f:best\/ig:avif\/https:\/\/premiumcajevi.com\/wp-content\/uploads\/2022\/02\/Slika-46.jpg","width":1024,"height":682},{"@type":"BreadcrumbList","@id":"https:\/\/premiumcajevi.com\/trgovina\/caj-za-regulisanje-secera-u-krvi-diabettea\/#breadcrumb","itemListElement":[{"@type":"ListItem","position":1,"name":"Home","item":"https:\/\/premiumcajevi.com\/"},{"@type":"ListItem","position":2,"name":"Trgovina","item":"https:\/\/premiumcajevi.com\/?page_id=7"},{"@type":"ListItem","position":3,"name":"\u010caj za regulisanje \u0161e\u0107era u krvi &#8211; DiabetTea"}]},{"@type":"WebSite","@id":"https:\/\/premiumcajevi.com\/#website","url":"https:\/\/premiumcajevi.com\/","name":"AlmaTea Premium \u010cajevi","description":"Prirodi \u010dajevi vrhunskog kvaliteta","potentialAction":[{"@type":"SearchAction","target":{"@type":"EntryPoint","urlTemplate":"https:\/\/premiumcajevi.com\/?s={search_term_string}"},"query-input":{"@type":"PropertyValueSpecification","valueRequired":true,"valueName":"search_term_string"}}],"inLanguage":"bs-BA"}]}},"jetpack_sharing_enabled":true,"_links":{"self":[{"href":"https:\/\/premiumcajevi.com\/index.php?rest_route=\/wp\/v2\/product\/388","targetHints":{"allow":["GET"]}}],"collection":[{"href":"https:\/\/premiumcajevi.com\/index.php?rest_route=\/wp\/v2\/product"}],"about":[{"href":"https:\/\/premiumcajevi.com\/index.php?rest_route=\/wp\/v2\/types\/product"}],"replies":[{"embeddable":true,"href":"https:\/\/premiumcajevi.com\/index.php?rest_route=%2Fwp%2Fv2%2Fcomments&post=388"}],"wp:featuredmedia":[{"embeddable":true,"href":"https:\/\/premiumcajevi.com\/index.php?rest_route=\/wp\/v2\/media\/328"}],"wp:attachment":[{"href":"https:\/\/premiumcajevi.com\/index.php?rest_route=%2Fwp%2Fv2%2Fmedia&parent=388"}],"wp:term":[{"taxonomy":"product_brand","embeddable":true,"href":"https:\/\/premiumcajevi.com\/index.php?rest_route=%2Fwp%2Fv2%2Fproduct_brand&post=388"},{"taxonomy":"product_cat","embeddable":true,"href":"https:\/\/premiumcajevi.com\/index.php?rest_route=%2Fwp%2Fv2%2Fproduct_cat&post=388"},{"taxonomy":"product_tag","embeddable":true,"href":"https:\/\/premiumcajevi.com\/index.php?rest_route=%2Fwp%2Fv2%2Fproduct_tag&post=388"}],"curies":[{"name":"wp","href":"https:\/\/api.w.org\/{rel}","templated":true}]}}