{"id":390,"date":"2022-01-03T22:16:28","date_gmt":"2022-01-03T21:16:28","guid":{"rendered":"https:\/\/premiumcajevi.com\/?post_type=product&#038;p=390"},"modified":"2022-01-04T22:38:29","modified_gmt":"2022-01-04T21:38:29","slug":"caj-za-jacanje-imuniteta-imunotea","status":"publish","type":"product","link":"https:\/\/premiumcajevi.com\/?product=caj-za-jacanje-imuniteta-imunotea","title":{"rendered":"\u010caj za ja\u010danje imuniteta &#8211; ImunoTea"},"content":{"rendered":"<p>ImunoTea<\/p>\n<p>Hladni dani sve su nam bli\u017ei i potreba za ugrijavanjem tijela postaje sve ve\u0107a. Jo\u0161 kada uz to ukomponiramo i u\u017eivanje u mirisima i okusima vru\u0107ih \u010dajeva, zimska atmosfera je zagarantirana. Uz sve blagodati ispijanja ovih toplih napitaka i njihovog u\u010dinka na zagrijavanje na\u0161eg tijela, ne smijemo zaboraviti i niz dobrobiti koje nam oni pru\u017eaju.<\/p>\n<p>Dolazak zime, osim ni\u017eih temperatura, obilje\u017een je i ve\u0107im brojem raznih viroza i prehlada. U borbi protiv svakodnevnih patogena glavnu rije\u010d ima razina imuniteta koju posjedujemo. Kako bismo pomogli na\u0161em tijelu u \u0161to boljoj borbi mo\u017eemo posegnuti za raznolikim \u010dajevima. Puno smo puta u \u017eivotu \u010duli razne savijete da tijekom bolesti, iako nije va\u017eno koje, pijemo \u010daj. Izgleda da ta izreka nije samo puka re\u010denica koju svi vole ponavljati. Tradicionalne medicine, kao \u0161to su Indijska, Kineska i Ayurvedska jo\u0161 su od davnina koristile \u010dajeve za lije\u010denje raznih oboljenja. I suvremena je znanost potvrdila blagotvorna djelovanja \u010daja na organizam i zdravlje, a ja\u010danje imuniteta je jedna od njih.<\/p>\n<p>Ispijanje \u010daja na svakodnevnoj bazi poma\u017ee prevenciji gripe, prehlade i viroze. Svi su biljni \u010dajevi veliki izvori antioksidansa dok smo u ImunoTea \u010daju izdvojili 3 biljke koje imaju jako antibakterijsko i antivirusno djelovanje , ove biljke su izuzetno bitne za zdravlje i borbu protiv bakterija i virusa. Bez obzira koji biljni \u010daj odaberemo za u\u017eivanje va\u0161e tijelo \u0107e vam zasigurno biti zahvalno.<\/p>\n<p>Herba vranilovke ( Origani herba) (Oregano herb)<br \/>\nPreslica herba (Equiseti herba)(Horsetail stem)<br \/>\nList koprive (Urticae folium) (Nettle Leaf)<\/p>\n","protected":false},"excerpt":{"rendered":"<p>ImunoTea Hladni dani sve su nam bli\u017ei i potreba za ugrijavanjem tijela postaje sve ve\u0107a. Jo\u0161 kada uz to ukomponiramo i u\u017eivanje u mirisima i okusima vru\u0107ih \u010dajeva, zimska atmosfera je zagarantirana. Uz sve blagodati ispijanja ovih toplih napitaka i njihovog u\u010dinka na zagrijavanje na\u0161eg tijela, ne smijemo zaboraviti i niz dobrobiti koje nam oni [&#8230;]\n","protected":false},"featured_media":328,"comment_status":"open","ping_status":"closed","template":"","meta":[],"product_brand":[],"product_cat":[68],"product_tag":[],"class_list":{"0":"post-390","1":"product","2":"type-product","3":"status-publish","4":"has-post-thumbnail","6":"product_cat-cajevi","8":"first","9":"instock","10":"shipping-taxable","11":"purchasable","12":"product-type-simple"},"yoast_head":"<!-- This site is optimized with the Yoast SEO plugin v27.4 - https:\/\/yoast.com\/product\/yoast-seo-wordpress\/ -->\n<title>\u010caj za ja\u010danje imuniteta ImunoTea - AlmaTea Premium \u010cajevi<\/title>\n<meta name=\"description\" content=\"\u010caj za ja\u010danje imuniteta Imuno-Tea .\" \/>\n<meta name=\"robots\" content=\"index, follow, max-snippet:-1, max-image-preview:large, max-video-preview:-1\" \/>\n<link rel=\"canonical\" href=\"https:\/\/premiumcajevi.com\/trgovina\/caj-za-jacanje-imuniteta-imunotea\/\" \/>\n<meta property=\"og:locale\" content=\"bs_BA\" \/>\n<meta property=\"og:type\" content=\"article\" \/>\n<meta property=\"og:title\" content=\"\u010caj za ja\u010danje imuniteta ImunoTea - AlmaTea Premium \u010cajevi\" \/>\n<meta property=\"og:description\" content=\"\u010caj za ja\u010danje imuniteta Imuno-Tea .\" \/>\n<meta property=\"og:url\" content=\"https:\/\/premiumcajevi.com\/trgovina\/caj-za-jacanje-imuniteta-imunotea\/\" \/>\n<meta property=\"og:site_name\" content=\"AlmaTea Premium \u010cajevi\" \/>\n<meta property=\"article:modified_time\" content=\"2022-01-04T21:38:29+00:00\" \/>\n<meta property=\"og:image\" content=\"https:\/\/ml1lrpgbyx31.i.optimole.com\/cb:CBbv~4b6a2\/w:auto\/h:auto\/q:mauto\/f:best\/ig:avif\/id:6e098bcff474851ce9ef858b7fcccae1\/https:\/\/almadermtea.com\/Slika-46.jpg\" \/>\n\t<meta property=\"og:image:width\" content=\"1024\" \/>\n\t<meta property=\"og:image:height\" content=\"682\" \/>\n\t<meta property=\"og:image:type\" content=\"image\/jpeg\" \/>\n<meta name=\"twitter:card\" content=\"summary_large_image\" \/>\n<meta name=\"twitter:label1\" content=\"Est. reading time\" \/>\n\t<meta name=\"twitter:data1\" content=\"2 minute\" \/>\n<script type=\"application\/ld+json\" class=\"yoast-schema-graph\">{\"@context\":\"https:\\\/\\\/schema.org\",\"@graph\":[{\"@type\":\"WebPage\",\"@id\":\"https:\\\/\\\/premiumcajevi.com\\\/trgovina\\\/caj-za-jacanje-imuniteta-imunotea\\\/\",\"url\":\"https:\\\/\\\/premiumcajevi.com\\\/trgovina\\\/caj-za-jacanje-imuniteta-imunotea\\\/\",\"name\":\"\u010caj za ja\u010danje imuniteta ImunoTea - AlmaTea Premium \u010cajevi\",\"isPartOf\":{\"@id\":\"https:\\\/\\\/premiumcajevi.com\\\/#website\"},\"primaryImageOfPage\":{\"@id\":\"https:\\\/\\\/premiumcajevi.com\\\/trgovina\\\/caj-za-jacanje-imuniteta-imunotea\\\/#primaryimage\"},\"image\":{\"@id\":\"https:\\\/\\\/premiumcajevi.com\\\/trgovina\\\/caj-za-jacanje-imuniteta-imunotea\\\/#primaryimage\"},\"thumbnailUrl\":\"https:\\/\\/premiumcajevi.com\\/wp-content\\/uploads\\/2022\\/02\\/Slika-46.jpg\",\"datePublished\":\"2022-01-03T21:16:28+00:00\",\"dateModified\":\"2022-01-04T21:38:29+00:00\",\"description\":\"\u010caj za ja\u010danje imuniteta Imuno-Tea .\",\"breadcrumb\":{\"@id\":\"https:\\\/\\\/premiumcajevi.com\\\/trgovina\\\/caj-za-jacanje-imuniteta-imunotea\\\/#breadcrumb\"},\"inLanguage\":\"bs-BA\",\"potentialAction\":[{\"@type\":\"ReadAction\",\"target\":[\"https:\\\/\\\/premiumcajevi.com\\\/trgovina\\\/caj-za-jacanje-imuniteta-imunotea\\\/\"]}]},{\"@type\":\"ImageObject\",\"inLanguage\":\"bs-BA\",\"@id\":\"https:\\\/\\\/premiumcajevi.com\\\/trgovina\\\/caj-za-jacanje-imuniteta-imunotea\\\/#primaryimage\",\"url\":\"https:\\/\\/premiumcajevi.com\\/wp-content\\/uploads\\/2022\\/02\\/Slika-46.jpg\",\"contentUrl\":\"https:\\/\\/premiumcajevi.com\\/wp-content\\/uploads\\/2022\\/02\\/Slika-46.jpg\",\"width\":1024,\"height\":682},{\"@type\":\"BreadcrumbList\",\"@id\":\"https:\\\/\\\/premiumcajevi.com\\\/trgovina\\\/caj-za-jacanje-imuniteta-imunotea\\\/#breadcrumb\",\"itemListElement\":[{\"@type\":\"ListItem\",\"position\":1,\"name\":\"Home\",\"item\":\"https:\\\/\\\/premiumcajevi.com\\\/\"},{\"@type\":\"ListItem\",\"position\":2,\"name\":\"Trgovina\",\"item\":\"https:\\\/\\\/premiumcajevi.com\\\/?page_id=7\"},{\"@type\":\"ListItem\",\"position\":3,\"name\":\"\u010caj za ja\u010danje imuniteta &#8211; ImunoTea\"}]},{\"@type\":\"WebSite\",\"@id\":\"https:\\\/\\\/premiumcajevi.com\\\/#website\",\"url\":\"https:\\\/\\\/premiumcajevi.com\\\/\",\"name\":\"AlmaTea Premium \u010cajevi\",\"description\":\"Prirodi \u010dajevi vrhunskog kvaliteta\",\"potentialAction\":[{\"@type\":\"SearchAction\",\"target\":{\"@type\":\"EntryPoint\",\"urlTemplate\":\"https:\\\/\\\/premiumcajevi.com\\\/?s={search_term_string}\"},\"query-input\":{\"@type\":\"PropertyValueSpecification\",\"valueRequired\":true,\"valueName\":\"search_term_string\"}}],\"inLanguage\":\"bs-BA\"}]}<\/script>\n<!-- \/ Yoast SEO plugin. -->","yoast_head_json":{"title":"\u010caj za ja\u010danje imuniteta ImunoTea - AlmaTea Premium \u010cajevi","description":"\u010caj za ja\u010danje imuniteta Imuno-Tea .","robots":{"index":"index","follow":"follow","max-snippet":"max-snippet:-1","max-image-preview":"max-image-preview:large","max-video-preview":"max-video-preview:-1"},"canonical":"https:\/\/premiumcajevi.com\/trgovina\/caj-za-jacanje-imuniteta-imunotea\/","og_locale":"bs_BA","og_type":"article","og_title":"\u010caj za ja\u010danje imuniteta ImunoTea - AlmaTea Premium \u010cajevi","og_description":"\u010caj za ja\u010danje imuniteta Imuno-Tea .","og_url":"https:\/\/premiumcajevi.com\/trgovina\/caj-za-jacanje-imuniteta-imunotea\/","og_site_name":"AlmaTea Premium \u010cajevi","article_modified_time":"2022-01-04T21:38:29+00:00","og_image":[{"width":1024,"height":682,"url":"https:\/\/ml1lrpgbyx31.i.optimole.com\/cb:CBbv~4b6a2\/w:auto\/h:auto\/q:mauto\/f:best\/ig:avif\/id:6e098bcff474851ce9ef858b7fcccae1\/https:\/\/almadermtea.com\/Slika-46.jpg","type":"image\/jpeg"}],"twitter_card":"summary_large_image","twitter_misc":{"Est. reading time":"2 minute"},"schema":{"@context":"https:\/\/schema.org","@graph":[{"@type":"WebPage","@id":"https:\/\/premiumcajevi.com\/trgovina\/caj-za-jacanje-imuniteta-imunotea\/","url":"https:\/\/premiumcajevi.com\/trgovina\/caj-za-jacanje-imuniteta-imunotea\/","name":"\u010caj za ja\u010danje imuniteta ImunoTea - AlmaTea Premium \u010cajevi","isPartOf":{"@id":"https:\/\/premiumcajevi.com\/#website"},"primaryImageOfPage":{"@id":"https:\/\/premiumcajevi.com\/trgovina\/caj-za-jacanje-imuniteta-imunotea\/#primaryimage"},"image":{"@id":"https:\/\/premiumcajevi.com\/trgovina\/caj-za-jacanje-imuniteta-imunotea\/#primaryimage"},"thumbnailUrl":"https:\/\/ml1lrpgbyx31.i.optimole.com\/cb:CBbv~4b6a2\/w:auto\/h:auto\/q:mauto\/f:best\/ig:avif\/https:\/\/premiumcajevi.com\/wp-content\/uploads\/2022\/02\/Slika-46.jpg","datePublished":"2022-01-03T21:16:28+00:00","dateModified":"2022-01-04T21:38:29+00:00","description":"\u010caj za ja\u010danje imuniteta Imuno-Tea .","breadcrumb":{"@id":"https:\/\/premiumcajevi.com\/trgovina\/caj-za-jacanje-imuniteta-imunotea\/#breadcrumb"},"inLanguage":"bs-BA","potentialAction":[{"@type":"ReadAction","target":["https:\/\/premiumcajevi.com\/trgovina\/caj-za-jacanje-imuniteta-imunotea\/"]}]},{"@type":"ImageObject","inLanguage":"bs-BA","@id":"https:\/\/premiumcajevi.com\/trgovina\/caj-za-jacanje-imuniteta-imunotea\/#primaryimage","url":"https:\/\/ml1lrpgbyx31.i.optimole.com\/cb:CBbv~4b6a2\/w:auto\/h:auto\/q:mauto\/f:best\/ig:avif\/https:\/\/premiumcajevi.com\/wp-content\/uploads\/2022\/02\/Slika-46.jpg","contentUrl":"https:\/\/ml1lrpgbyx31.i.optimole.com\/cb:CBbv~4b6a2\/w:auto\/h:auto\/q:mauto\/f:best\/ig:avif\/https:\/\/premiumcajevi.com\/wp-content\/uploads\/2022\/02\/Slika-46.jpg","width":1024,"height":682},{"@type":"BreadcrumbList","@id":"https:\/\/premiumcajevi.com\/trgovina\/caj-za-jacanje-imuniteta-imunotea\/#breadcrumb","itemListElement":[{"@type":"ListItem","position":1,"name":"Home","item":"https:\/\/premiumcajevi.com\/"},{"@type":"ListItem","position":2,"name":"Trgovina","item":"https:\/\/premiumcajevi.com\/?page_id=7"},{"@type":"ListItem","position":3,"name":"\u010caj za ja\u010danje imuniteta &#8211; ImunoTea"}]},{"@type":"WebSite","@id":"https:\/\/premiumcajevi.com\/#website","url":"https:\/\/premiumcajevi.com\/","name":"AlmaTea Premium \u010cajevi","description":"Prirodi \u010dajevi vrhunskog kvaliteta","potentialAction":[{"@type":"SearchAction","target":{"@type":"EntryPoint","urlTemplate":"https:\/\/premiumcajevi.com\/?s={search_term_string}"},"query-input":{"@type":"PropertyValueSpecification","valueRequired":true,"valueName":"search_term_string"}}],"inLanguage":"bs-BA"}]}},"jetpack_sharing_enabled":true,"_links":{"self":[{"href":"https:\/\/premiumcajevi.com\/index.php?rest_route=\/wp\/v2\/product\/390","targetHints":{"allow":["GET"]}}],"collection":[{"href":"https:\/\/premiumcajevi.com\/index.php?rest_route=\/wp\/v2\/product"}],"about":[{"href":"https:\/\/premiumcajevi.com\/index.php?rest_route=\/wp\/v2\/types\/product"}],"replies":[{"embeddable":true,"href":"https:\/\/premiumcajevi.com\/index.php?rest_route=%2Fwp%2Fv2%2Fcomments&post=390"}],"wp:featuredmedia":[{"embeddable":true,"href":"https:\/\/premiumcajevi.com\/index.php?rest_route=\/wp\/v2\/media\/328"}],"wp:attachment":[{"href":"https:\/\/premiumcajevi.com\/index.php?rest_route=%2Fwp%2Fv2%2Fmedia&parent=390"}],"wp:term":[{"taxonomy":"product_brand","embeddable":true,"href":"https:\/\/premiumcajevi.com\/index.php?rest_route=%2Fwp%2Fv2%2Fproduct_brand&post=390"},{"taxonomy":"product_cat","embeddable":true,"href":"https:\/\/premiumcajevi.com\/index.php?rest_route=%2Fwp%2Fv2%2Fproduct_cat&post=390"},{"taxonomy":"product_tag","embeddable":true,"href":"https:\/\/premiumcajevi.com\/index.php?rest_route=%2Fwp%2Fv2%2Fproduct_tag&post=390"}],"curies":[{"name":"wp","href":"https:\/\/api.w.org\/{rel}","templated":true}]}}