{"id":391,"date":"2022-01-03T22:26:29","date_gmt":"2022-01-03T21:26:29","guid":{"rendered":"https:\/\/premiumcajevi.com\/?post_type=product&#038;p=391"},"modified":"2024-09-14T00:45:14","modified_gmt":"2024-09-13T23:45:14","slug":"caj-protiv-upale-mokracnih-kanala-urologytea","status":"publish","type":"product","link":"https:\/\/premiumcajevi.com\/?product=caj-protiv-upale-mokracnih-kanala-urologytea","title":{"rendered":"\u010caj protiv upale mokra\u0107nih kanala &#8211; UrologyTea"},"content":{"rendered":"","protected":false},"excerpt":{"rendered":"<p>Uskoro op\u0161irnije.<\/p>\n","protected":false},"featured_media":318,"comment_status":"open","ping_status":"closed","template":"","meta":[],"product_brand":[],"product_cat":[68],"product_tag":[],"class_list":{"0":"post-391","1":"product","2":"type-product","3":"status-publish","4":"has-post-thumbnail","6":"product_cat-cajevi","8":"first","9":"instock","10":"shipping-taxable","11":"purchasable","12":"product-type-simple"},"yoast_head":"<!-- This site is optimized with the Yoast SEO plugin v27.4 - https:\/\/yoast.com\/product\/yoast-seo-wordpress\/ -->\n<title>\u010caj protiv upale mokra\u0107nih kanala - UrologyTea - AlmaTea Premium \u010cajevi<\/title>\n<meta name=\"description\" content=\"\u010caj za lije\u010denje upale mokra\u010dnih kanala.\" \/>\n<meta name=\"robots\" content=\"index, follow, max-snippet:-1, max-image-preview:large, max-video-preview:-1\" \/>\n<link rel=\"canonical\" href=\"https:\/\/premiumcajevi.com\/trgovina\/caj-protiv-upale-mokracnih-kanala-urologytea\/\" \/>\n<meta property=\"og:locale\" content=\"bs_BA\" \/>\n<meta property=\"og:type\" content=\"article\" \/>\n<meta property=\"og:title\" content=\"\u010caj protiv upale mokra\u0107nih kanala - UrologyTea - AlmaTea Premium \u010cajevi\" \/>\n<meta property=\"og:description\" content=\"\u010caj za lije\u010denje upale mokra\u010dnih kanala.\" \/>\n<meta property=\"og:url\" content=\"https:\/\/premiumcajevi.com\/trgovina\/caj-protiv-upale-mokracnih-kanala-urologytea\/\" \/>\n<meta property=\"og:site_name\" content=\"AlmaTea Premium \u010cajevi\" \/>\n<meta property=\"article:modified_time\" content=\"2024-09-13T23:45:14+00:00\" \/>\n<meta property=\"og:image\" content=\"https:\/\/ml1lrpgbyx31.i.optimole.com\/cb:CBbv~4b6a2\/w:auto\/h:auto\/q:mauto\/f:best\/ig:avif\/id:377008253af27703ca74fe542e22129e\/https:\/\/almadermtea.com\/Slika-38.jpg\" \/>\n\t<meta property=\"og:image:width\" content=\"1024\" \/>\n\t<meta property=\"og:image:height\" content=\"682\" \/>\n\t<meta property=\"og:image:type\" content=\"image\/jpeg\" \/>\n<meta name=\"twitter:card\" content=\"summary_large_image\" \/>\n<script type=\"application\/ld+json\" class=\"yoast-schema-graph\">{\"@context\":\"https:\\\/\\\/schema.org\",\"@graph\":[{\"@type\":\"WebPage\",\"@id\":\"https:\\\/\\\/premiumcajevi.com\\\/trgovina\\\/caj-protiv-upale-mokracnih-kanala-urologytea\\\/\",\"url\":\"https:\\\/\\\/premiumcajevi.com\\\/trgovina\\\/caj-protiv-upale-mokracnih-kanala-urologytea\\\/\",\"name\":\"\u010caj protiv upale mokra\u0107nih kanala - UrologyTea - AlmaTea Premium \u010cajevi\",\"isPartOf\":{\"@id\":\"https:\\\/\\\/premiumcajevi.com\\\/#website\"},\"primaryImageOfPage\":{\"@id\":\"https:\\\/\\\/premiumcajevi.com\\\/trgovina\\\/caj-protiv-upale-mokracnih-kanala-urologytea\\\/#primaryimage\"},\"image\":{\"@id\":\"https:\\\/\\\/premiumcajevi.com\\\/trgovina\\\/caj-protiv-upale-mokracnih-kanala-urologytea\\\/#primaryimage\"},\"thumbnailUrl\":\"https:\\/\\/premiumcajevi.com\\/wp-content\\/uploads\\/2022\\/02\\/Slika-38.jpg\",\"datePublished\":\"2022-01-03T21:26:29+00:00\",\"dateModified\":\"2024-09-13T23:45:14+00:00\",\"description\":\"\u010caj za lije\u010denje upale mokra\u010dnih kanala.\",\"breadcrumb\":{\"@id\":\"https:\\\/\\\/premiumcajevi.com\\\/trgovina\\\/caj-protiv-upale-mokracnih-kanala-urologytea\\\/#breadcrumb\"},\"inLanguage\":\"bs-BA\",\"potentialAction\":[{\"@type\":\"ReadAction\",\"target\":[\"https:\\\/\\\/premiumcajevi.com\\\/trgovina\\\/caj-protiv-upale-mokracnih-kanala-urologytea\\\/\"]}]},{\"@type\":\"ImageObject\",\"inLanguage\":\"bs-BA\",\"@id\":\"https:\\\/\\\/premiumcajevi.com\\\/trgovina\\\/caj-protiv-upale-mokracnih-kanala-urologytea\\\/#primaryimage\",\"url\":\"https:\\/\\/premiumcajevi.com\\/wp-content\\/uploads\\/2022\\/02\\/Slika-38.jpg\",\"contentUrl\":\"https:\\/\\/premiumcajevi.com\\/wp-content\\/uploads\\/2022\\/02\\/Slika-38.jpg\",\"width\":1024,\"height\":682},{\"@type\":\"BreadcrumbList\",\"@id\":\"https:\\\/\\\/premiumcajevi.com\\\/trgovina\\\/caj-protiv-upale-mokracnih-kanala-urologytea\\\/#breadcrumb\",\"itemListElement\":[{\"@type\":\"ListItem\",\"position\":1,\"name\":\"Home\",\"item\":\"https:\\\/\\\/premiumcajevi.com\\\/\"},{\"@type\":\"ListItem\",\"position\":2,\"name\":\"Trgovina\",\"item\":\"https:\\\/\\\/premiumcajevi.com\\\/?page_id=7\"},{\"@type\":\"ListItem\",\"position\":3,\"name\":\"\u010caj protiv upale mokra\u0107nih kanala &#8211; UrologyTea\"}]},{\"@type\":\"WebSite\",\"@id\":\"https:\\\/\\\/premiumcajevi.com\\\/#website\",\"url\":\"https:\\\/\\\/premiumcajevi.com\\\/\",\"name\":\"AlmaTea Premium \u010cajevi\",\"description\":\"Prirodi \u010dajevi vrhunskog kvaliteta\",\"potentialAction\":[{\"@type\":\"SearchAction\",\"target\":{\"@type\":\"EntryPoint\",\"urlTemplate\":\"https:\\\/\\\/premiumcajevi.com\\\/?s={search_term_string}\"},\"query-input\":{\"@type\":\"PropertyValueSpecification\",\"valueRequired\":true,\"valueName\":\"search_term_string\"}}],\"inLanguage\":\"bs-BA\"}]}<\/script>\n<!-- \/ Yoast SEO plugin. -->","yoast_head_json":{"title":"\u010caj protiv upale mokra\u0107nih kanala - UrologyTea - AlmaTea Premium \u010cajevi","description":"\u010caj za lije\u010denje upale mokra\u010dnih kanala.","robots":{"index":"index","follow":"follow","max-snippet":"max-snippet:-1","max-image-preview":"max-image-preview:large","max-video-preview":"max-video-preview:-1"},"canonical":"https:\/\/premiumcajevi.com\/trgovina\/caj-protiv-upale-mokracnih-kanala-urologytea\/","og_locale":"bs_BA","og_type":"article","og_title":"\u010caj protiv upale mokra\u0107nih kanala - UrologyTea - AlmaTea Premium \u010cajevi","og_description":"\u010caj za lije\u010denje upale mokra\u010dnih kanala.","og_url":"https:\/\/premiumcajevi.com\/trgovina\/caj-protiv-upale-mokracnih-kanala-urologytea\/","og_site_name":"AlmaTea Premium \u010cajevi","article_modified_time":"2024-09-13T23:45:14+00:00","og_image":[{"width":1024,"height":682,"url":"https:\/\/ml1lrpgbyx31.i.optimole.com\/cb:CBbv~4b6a2\/w:auto\/h:auto\/q:mauto\/f:best\/ig:avif\/id:377008253af27703ca74fe542e22129e\/https:\/\/almadermtea.com\/Slika-38.jpg","type":"image\/jpeg"}],"twitter_card":"summary_large_image","schema":{"@context":"https:\/\/schema.org","@graph":[{"@type":"WebPage","@id":"https:\/\/premiumcajevi.com\/trgovina\/caj-protiv-upale-mokracnih-kanala-urologytea\/","url":"https:\/\/premiumcajevi.com\/trgovina\/caj-protiv-upale-mokracnih-kanala-urologytea\/","name":"\u010caj protiv upale mokra\u0107nih kanala - UrologyTea - AlmaTea Premium \u010cajevi","isPartOf":{"@id":"https:\/\/premiumcajevi.com\/#website"},"primaryImageOfPage":{"@id":"https:\/\/premiumcajevi.com\/trgovina\/caj-protiv-upale-mokracnih-kanala-urologytea\/#primaryimage"},"image":{"@id":"https:\/\/premiumcajevi.com\/trgovina\/caj-protiv-upale-mokracnih-kanala-urologytea\/#primaryimage"},"thumbnailUrl":"https:\/\/ml1lrpgbyx31.i.optimole.com\/cb:CBbv~4b6a2\/w:auto\/h:auto\/q:mauto\/f:best\/ig:avif\/https:\/\/premiumcajevi.com\/wp-content\/uploads\/2022\/02\/Slika-38.jpg","datePublished":"2022-01-03T21:26:29+00:00","dateModified":"2024-09-13T23:45:14+00:00","description":"\u010caj za lije\u010denje upale mokra\u010dnih kanala.","breadcrumb":{"@id":"https:\/\/premiumcajevi.com\/trgovina\/caj-protiv-upale-mokracnih-kanala-urologytea\/#breadcrumb"},"inLanguage":"bs-BA","potentialAction":[{"@type":"ReadAction","target":["https:\/\/premiumcajevi.com\/trgovina\/caj-protiv-upale-mokracnih-kanala-urologytea\/"]}]},{"@type":"ImageObject","inLanguage":"bs-BA","@id":"https:\/\/premiumcajevi.com\/trgovina\/caj-protiv-upale-mokracnih-kanala-urologytea\/#primaryimage","url":"https:\/\/ml1lrpgbyx31.i.optimole.com\/cb:CBbv~4b6a2\/w:auto\/h:auto\/q:mauto\/f:best\/ig:avif\/https:\/\/premiumcajevi.com\/wp-content\/uploads\/2022\/02\/Slika-38.jpg","contentUrl":"https:\/\/ml1lrpgbyx31.i.optimole.com\/cb:CBbv~4b6a2\/w:auto\/h:auto\/q:mauto\/f:best\/ig:avif\/https:\/\/premiumcajevi.com\/wp-content\/uploads\/2022\/02\/Slika-38.jpg","width":1024,"height":682},{"@type":"BreadcrumbList","@id":"https:\/\/premiumcajevi.com\/trgovina\/caj-protiv-upale-mokracnih-kanala-urologytea\/#breadcrumb","itemListElement":[{"@type":"ListItem","position":1,"name":"Home","item":"https:\/\/premiumcajevi.com\/"},{"@type":"ListItem","position":2,"name":"Trgovina","item":"https:\/\/premiumcajevi.com\/?page_id=7"},{"@type":"ListItem","position":3,"name":"\u010caj protiv upale mokra\u0107nih kanala &#8211; UrologyTea"}]},{"@type":"WebSite","@id":"https:\/\/premiumcajevi.com\/#website","url":"https:\/\/premiumcajevi.com\/","name":"AlmaTea Premium \u010cajevi","description":"Prirodi \u010dajevi vrhunskog kvaliteta","potentialAction":[{"@type":"SearchAction","target":{"@type":"EntryPoint","urlTemplate":"https:\/\/premiumcajevi.com\/?s={search_term_string}"},"query-input":{"@type":"PropertyValueSpecification","valueRequired":true,"valueName":"search_term_string"}}],"inLanguage":"bs-BA"}]}},"jetpack_sharing_enabled":true,"_links":{"self":[{"href":"https:\/\/premiumcajevi.com\/index.php?rest_route=\/wp\/v2\/product\/391","targetHints":{"allow":["GET"]}}],"collection":[{"href":"https:\/\/premiumcajevi.com\/index.php?rest_route=\/wp\/v2\/product"}],"about":[{"href":"https:\/\/premiumcajevi.com\/index.php?rest_route=\/wp\/v2\/types\/product"}],"replies":[{"embeddable":true,"href":"https:\/\/premiumcajevi.com\/index.php?rest_route=%2Fwp%2Fv2%2Fcomments&post=391"}],"wp:featuredmedia":[{"embeddable":true,"href":"https:\/\/premiumcajevi.com\/index.php?rest_route=\/wp\/v2\/media\/318"}],"wp:attachment":[{"href":"https:\/\/premiumcajevi.com\/index.php?rest_route=%2Fwp%2Fv2%2Fmedia&parent=391"}],"wp:term":[{"taxonomy":"product_brand","embeddable":true,"href":"https:\/\/premiumcajevi.com\/index.php?rest_route=%2Fwp%2Fv2%2Fproduct_brand&post=391"},{"taxonomy":"product_cat","embeddable":true,"href":"https:\/\/premiumcajevi.com\/index.php?rest_route=%2Fwp%2Fv2%2Fproduct_cat&post=391"},{"taxonomy":"product_tag","embeddable":true,"href":"https:\/\/premiumcajevi.com\/index.php?rest_route=%2Fwp%2Fv2%2Fproduct_tag&post=391"}],"curies":[{"name":"wp","href":"https:\/\/api.w.org\/{rel}","templated":true}]}}