{"id":397,"date":"2022-01-03T22:34:45","date_gmt":"2022-01-03T21:34:45","guid":{"rendered":"https:\/\/premiumcajevi.com\/?post_type=product&#038;p=397"},"modified":"2022-08-06T20:37:17","modified_gmt":"2022-08-06T19:37:17","slug":"caj-od-kamilice-cvijet-premium-kvalitet-50gr","status":"publish","type":"product","link":"https:\/\/premiumcajevi.com\/?product=caj-od-kamilice-cvijet-premium-kvalitet-50gr","title":{"rendered":"\u010caj Kamilica cvijet premium kvalitet 50gr"},"content":{"rendered":"<p><strong>\u010caj od kamilice<\/strong>\u00a0ima zvjezdani ugled u ljekovitosti s razlogom.\u00a0 Ovaj prekrasan cvijet kamilice porijeklom je iz Azije, Europe, Australije i Sjeverne Amerike, cvjeta tijekom ranih ljetnih mjeseci, a\u00a0osim \u0161to donosi oazu mira i spokoja, \u010daj od kamilice sadr\u017ei kamazulen, aromati\u010dni kemijski spoj koji posjeduje\u00a0<strong>protuupalna, analgetska i antispazmodi\u010dka svojstva<\/strong>.<\/p>\n<p>Bilo da se osje\u0107a\u0161 preoptere\u0107eno ili pati\u0161 od prehlade, \u0161olja \u010daja od kamilice otjerat \u0107e sve tvoje brige. S razlogom je popularan napitak u cijelom svijetu, zasi\u0107en je <strong>blagodatima za ko\u017eu, kosu i cjelokupno zdravlje<\/strong> koje je te\u0161ko prona\u0107i u mnogim drugim \u010dajevima. To nije samo umiruju\u0107i i osvje\u017eavaju\u0107o napitak, ve\u0107 ima bezbroj prednosti, a stru\u010dnjaci nagla\u0161avaju one najva\u017enije za na\u0161e zdravlje.<\/p>\n<h2 class=\"css-1iz1fhy\">Poti\u010de san i lije\u010di nesanicu<\/h2>\n<p class=\"css-5cm1aq\">Prema dijeteti\u010daru Anshul Jaibharatu, &#8216;\u010daj od kamilice\u00a0<strong>opu\u0161ta \u017eivce i umiruje \u017eiv\u010dani sustav<\/strong>, pa ti poma\u017ee da bolje spava\u0161&#8217;. S obzirom da mu nedostaje dodatak teina, najbolje ga je\u00a0<strong>konzumirati prije spavanja<\/strong>.<\/p>\n<h2 class=\"css-1iz1fhy\">Ja\u010da imunitet<\/h2>\n<p class=\"css-1iz1fhy\">Mnoga su istra\u017eivanja pokazala da \u010daj od kamilice djeluje kao<strong>\u00a0izvrsna preventivna mjera protiv bolesti<\/strong>.<em>\u00a0&#8220;Bori se protiv \u0161tetnih bakterija i ima sposobnost\u00a0<strong>ja\u010danja imunolo\u0161kog sustava<\/strong>&#8220;<\/em>, obja\u0161njava urolog Manish Ahuja.<\/p>\n<h2 class=\"css-1iz1fhy\">Lije\u010di prehladu<\/h2>\n<p class=\"css-5cm1aq\">Pati\u0161 od grozne prehlade? Jedna od najboljih prednosti kamilice poma\u017ee upravo ovdje. Razmisli o<strong>\u00a0ispijanju vru\u0107e \u0161alice \u010daja od kamilice<\/strong>\u00a0i pusti da djeluje svojom \u010darolijom. Tako\u0111er mo\u017ee\u0161\u00a0<strong>udisati pare iz \u010daja od kamilice<\/strong>\u00a0kako bi olak\u0161ala\u00a0<strong>za\u010depljenje nosa, curenje iz nosa, ali i grlobolju<\/strong>.<\/p>\n<h2 class=\"css-1iz1fhy\">Smanjuje gr\u010deve u mi\u0161i\u0107ima i menstrualne bolove<\/h2>\n<p class=\"css-5cm1aq\">Prema istra\u017eivanju objavljenom u \u010dasopisu &#8216;Agriculture and Chemistry&#8217;, \u010daj od kamilice ima\u00a0<strong>ubla\u017eavaju\u0107a i antispazmodi\u010dna svojstva<\/strong>.\u00a0<strong>Opu\u0161ta maternicu i smanjuje proizvodnju prostaglandina<\/strong>\u00a0(koji uzrokuju upalu i bol).<\/p>\n<h2 class=\"css-1iz1fhy\">Umiruje bol u trbuhu<\/h2>\n<p class=\"css-5cm1aq\">Prema Nacionalnom centru za biotehnolo\u0161ke informacije, &#8216;\u010daj od kamilice cijenjen je kao probavni relaksant i koristi se za lije\u010denje razli\u010ditih probavnih smetnji, uklju\u010duju\u0107i\u00a0<strong>nadutost, probavne smetnje, proljev, mu\u010dninu i povra\u0107anje<\/strong>&#8216;.<\/p>\n<h2 class=\"css-1iz1fhy\">Zacjeljuje rane i lije\u010di druge probleme s ko\u017eom<\/h2>\n<p class=\"css-5cm1aq\">Jeste li znali da su \u010daj od kamilice jo\u0161 Rimljani, Grci i Egip\u0107ani koristili za lije\u010denje i zacjeljivanje rana? To je zato \u0161to \u010daj od kamilice potje\u010de od Matricaria chamomilla L, koja ima <strong>protuupalna i antimikrobna svojstva<\/strong>, a tako\u0111er lije\u010di ko\u017ena stanja poput\u00a0<strong>psorijaze i ekcema<\/strong>.<\/p>\n<h2 class=\"css-1iz1fhy\">Smanjuje stres<\/h2>\n<p class=\"css-5cm1aq\">Dana\u0161nji u\u017eurban, kaoti\u010dan svijet ostavlja nas sve tjeskobnijima i pod sve ve\u0107im stresom. Prema dijeteti\u010daru Anshulu Jaibharatu, &#8216;\u010caj od kamilice\u00a0<strong>nje\u017ean je relaksant<\/strong>\u00a0i\u00a0<strong>djeluje kao efikasan prirodni sedativ<\/strong>, smanjuju\u0107i na taj na\u010din stres&#8217;.<\/p>\n<h2 class=\"css-1iz1fhy\">Posvjetljuje ko\u017eu<\/h2>\n<p class=\"css-5cm1aq\">Ispijanje \u010daja od kamilice moglo bi u\u010diniti i \u010duda na tvojoj ko\u017ei! Ovaj \u010darobni napitak mo\u017ee se koristiti kao<strong>\u00a0prirodni &#8216;izbjeljiva\u010d&#8217; ko\u017ee<\/strong>. \u010caj od kamilice prepun je antioksidanta koji poma\u017eu j<strong>a\u010danju zdravlja ko\u017ee<\/strong>\u00a0te\u00a0<strong>posvjetljava ten\u00a0<\/strong>i daje sjaj kakav sve oduvijek \u017eelimo.<\/p>\n<h2 class=\"css-1iz1fhy\">Smanjuje akne<\/h2>\n<p class=\"css-5cm1aq\">\u010caj od kamilice mogao bi pomo\u0107i u borbi s \u010destim izbijanjem akni. \u010caj od kamilice <strong>poma\u017ee izblijediti mrlje i ukloniti o\u017eiljke od akni\u00a0<\/strong>zbog svojih\u00a0<strong>protuupalnih i antisepti\u010dkih svojstava<\/strong>.<\/p>\n<h2 class=\"css-1iz1fhy\">Poma\u017ee u borbi protiv starenja<\/h2>\n<p class=\"css-5cm1aq\">\u010caj od kamilice ima veliku mo\u0107 antioksidanta i <strong>\u0161titi ko\u017eu od o\u0161te\u0107enja slobodnih radikala<\/strong>. Ubrzava<strong>\u00a0regeneraciju stanica i tkiva<\/strong>\u00a0pa stoga\u00a0<strong>poma\u017ee u stezanju pora i usporava proces starenja<\/strong>.<\/p>\n<h2 class=\"css-1iz1fhy\">Lije\u010di opekline od sunca<\/h2>\n<p class=\"css-5cm1aq\">\u0160tetne ultraljubi\u010daste (UV) zrake sunca mogu uzrokovati razne probleme tvojoj ko\u017ei. \u010caj od kamilice poznat je po svojim antioksidativnim,\u00a0<strong>umiruju\u0107im i protuupalnim svojstvima<\/strong>\u00a0stoga je odli\u010dan u lije\u010denju opeklina od sunca.\u00a0<strong>\u010caj mo\u017ee\u0161 skuhati, dobro ga ohladiti, umo\u010diti ru\u010dnik u njega i zatim nanijeti na podru\u010dje ope\u010deno od sunca<\/strong>.<\/p>\n<h2 class=\"css-1iz1fhy\">Smanjuje podo\u010dnjake<\/h2>\n<p class=\"css-5cm1aq\">Nikad ne bacaj <strong>vre\u0107ice \u010daja od kamilice<\/strong>\u00a0nakon upotrebe, a umjesto toga ih stavi u hladnjak. Ohla\u0111enu vre\u0107icu mo\u017ee\u0161 staviti preko o\u010diju (posebno nakon masa\u017ee o\u010diju) da\u00a0<strong>dramati\u010dno osvijetli\u0161 podru\u010dje oko o\u010diju i smanji\u0161 nate\u010denost i podo\u010dnjake<\/strong>. Vidjet \u0107e\u0161 trenutnu razliku u na\u010dinu na koji tvoje o\u010di izgledaju, ali i na koji na\u010din ih osje\u0107a\u0161.<\/p>\n<h2 class=\"css-1iz1fhy\">Poma\u017ee u borbi protiv peruti<\/h2>\n<p class=\"css-5cm1aq\">Ima\u0161 problema s peruti? Popij \u0161alicu \u010daja od kamilice. Da, ozbiljni smo. \u010caj od kamilice poma\u017ee u\u00a0<strong>uklanjanju i sprje\u010davanju peruti i smiruje iritaciju vlasi\u0161ta<\/strong>. Uz to, mo\u017ee\u0161 ga koristiti kao\u00a0<strong>zavr\u0161no ispiranje nakon pranja kose<\/strong>. Tako jednostavno, a tako djelotvorno!<\/p>\n","protected":false},"excerpt":{"rendered":"<p class=\"css-5cm1aq\"><strong><img data-opt-id=1740296964  fetchpriority=\"high\" decoding=\"async\" class=\"emoji\" role=\"img\" draggable=\"false\" src=\"https:\/\/s.w.org\/images\/core\/emoji\/13.1.0\/svg\/2705.svg\" alt=\"\u2705\" \/><\/strong>Prema Nacionalnom centru za biotehnolo\u0161ke informacije, &#8216;\u010daj od kamilice cijenjen je kao probavni relaksant i koristi se za lije\u010denje razli\u010ditih probavnih smetnji, uklju\u010duju\u0107i\u00a0<strong>nadutost, probavne smetnje, proljev, mu\u010dninu i povra\u0107anje<\/strong>&#8216;.<\/p>\n<p><strong><img data-opt-id=1740296964  fetchpriority=\"high\" decoding=\"async\" class=\"emoji\" role=\"img\" draggable=\"false\" src=\"https:\/\/s.w.org\/images\/core\/emoji\/13.1.0\/svg\/2705.svg\" alt=\"\u2705\" \/><\/strong>\u010caj od kamilice mogao bi pomo\u0107i u borbi s \u010destim izbijanjem akni. \u010caj od kamilice <strong>poma\u017ee izblijediti mrlje i ukloniti o\u017eiljke od akni\u00a0<\/strong>zbog svojih\u00a0<strong>protuupalnih i antisepti\u010dkih svojstava<\/strong>.<\/p>\n<p><strong><img data-opt-id=1740296964  fetchpriority=\"high\" decoding=\"async\" class=\"emoji\" role=\"img\" draggable=\"false\" src=\"https:\/\/s.w.org\/images\/core\/emoji\/13.1.0\/svg\/2705.svg\" alt=\"\u2705\" \/><\/strong>Jeste li znali da su \u010daj od kamilice jo\u0161 Rimljani, Grci i Egip\u0107ani koristili za lije\u010denje i zacjeljivanje rana? To je zato \u0161to \u010daj od kamilice potje\u010de od Matricaria chamomilla L, koja ima <strong>protuupalna i antimikrobna svojstva<\/strong>, a tako\u0111er lije\u010di ko\u017ena stanja poput\u00a0<strong>psorijaze i ekcema<\/strong>.<\/p>\n<p><strong><img data-opt-id=1740296964  fetchpriority=\"high\" decoding=\"async\" class=\"emoji\" role=\"img\" draggable=\"false\" src=\"https:\/\/s.w.org\/images\/core\/emoji\/13.1.0\/svg\/2705.svg\" alt=\"\u2705\" \/>Pogledajte opis ispod za vi\u0161e informacija.<\/strong><\/p>\n<p>&nbsp;<\/p>\n","protected":false},"featured_media":319,"comment_status":"open","ping_status":"closed","template":"","meta":[],"product_brand":[],"product_cat":[68],"product_tag":[],"class_list":{"0":"post-397","1":"product","2":"type-product","3":"status-publish","4":"has-post-thumbnail","6":"product_cat-cajevi","8":"first","9":"instock","10":"shipping-taxable","11":"purchasable","12":"product-type-simple"},"yoast_head":"<!-- This site is optimized with the Yoast SEO plugin v27.4 - https:\/\/yoast.com\/product\/yoast-seo-wordpress\/ -->\n<title>\u010caj od Kamilice cvijet premium kvalitet - AlmaTea Premium \u010cajevi<\/title>\n<meta name=\"description\" content=\"\u010caj od kamilice\u00a0ima zvjezdani ugled u ljekovitosti s razlogom.\u00a0 Ovaj prekrasan cvijet kamilice porijeklom je iz Azije, Europe, Australije i Sjeverne Amerike, cvjeta tijekom ranih ljetnih mjeseci, a\u00a0osim \u0161to donosi oazu mira i spokoja, \u010daj od kamilice sadr\u017ei kamazulen, aromati\u010dni kemijski spoj koji posjeduje\u00a0protuupalna, analgetska i antispazmodi\u010dka svojstva.\" \/>\n<meta name=\"robots\" content=\"index, follow, max-snippet:-1, max-image-preview:large, max-video-preview:-1\" \/>\n<link rel=\"canonical\" href=\"https:\/\/premiumcajevi.com\/trgovina\/caj-od-kamilice-cvijet-premium-kvalitet-50gr\/\" \/>\n<meta property=\"og:locale\" content=\"bs_BA\" \/>\n<meta property=\"og:type\" content=\"article\" \/>\n<meta property=\"og:title\" content=\"\u010caj od Kamilice cvijet Premium Kvalitet\" \/>\n<meta property=\"og:description\" content=\"\u010caj od kamilice\u00a0ima zvjezdani ugled u ljekovitosti s razlogom.\u00a0 Ovaj prekrasan cvijet kamilice porijeklom je iz Azije, Europe, Australije i Sjeverne Amerike, cvjeta tijekom ranih ljetnih mjeseci, a\u00a0osim \u0161to donosi oazu mira i spokoja, \u010daj od kamilice sadr\u017ei kamazulen, aromati\u010dni kemijski spoj koji posjeduje\u00a0protuupalna, analgetska i antispazmodi\u010dka svojstva.\" \/>\n<meta property=\"og:url\" content=\"https:\/\/premiumcajevi.com\/trgovina\/caj-od-kamilice-cvijet-premium-kvalitet-50gr\/\" \/>\n<meta property=\"og:site_name\" content=\"AlmaTea Premium \u010cajevi\" \/>\n<meta property=\"article:modified_time\" content=\"2022-08-06T19:37:17+00:00\" \/>\n<meta property=\"og:image\" content=\"https:\/\/ml1lrpgbyx31.i.optimole.com\/cb:CBbv~4b6a2\/w:auto\/h:auto\/q:mauto\/f:best\/ig:avif\/id:54520b95a2c090830e3fee59bd22ddbb\/https:\/\/almadermtea.com\/Slika-36.jpg\" \/>\n\t<meta property=\"og:image:width\" content=\"1024\" \/>\n\t<meta property=\"og:image:height\" content=\"682\" \/>\n\t<meta property=\"og:image:type\" content=\"image\/jpeg\" \/>\n<meta name=\"twitter:card\" content=\"summary_large_image\" \/>\n<meta name=\"twitter:label1\" content=\"Est. reading time\" \/>\n\t<meta name=\"twitter:data1\" content=\"4 minute\" \/>\n<script type=\"application\/ld+json\" class=\"yoast-schema-graph\">{\"@context\":\"https:\\\/\\\/schema.org\",\"@graph\":[{\"@type\":\"WebPage\",\"@id\":\"https:\\\/\\\/premiumcajevi.com\\\/trgovina\\\/caj-od-kamilice-cvijet-premium-kvalitet-50gr\\\/\",\"url\":\"https:\\\/\\\/premiumcajevi.com\\\/trgovina\\\/caj-od-kamilice-cvijet-premium-kvalitet-50gr\\\/\",\"name\":\"\u010caj od Kamilice cvijet premium kvalitet - AlmaTea Premium \u010cajevi\",\"isPartOf\":{\"@id\":\"https:\\\/\\\/premiumcajevi.com\\\/#website\"},\"primaryImageOfPage\":{\"@id\":\"https:\\\/\\\/premiumcajevi.com\\\/trgovina\\\/caj-od-kamilice-cvijet-premium-kvalitet-50gr\\\/#primaryimage\"},\"image\":{\"@id\":\"https:\\\/\\\/premiumcajevi.com\\\/trgovina\\\/caj-od-kamilice-cvijet-premium-kvalitet-50gr\\\/#primaryimage\"},\"thumbnailUrl\":\"https:\\/\\/premiumcajevi.com\\/wp-content\\/uploads\\/2022\\/02\\/Slika-36.jpg\",\"datePublished\":\"2022-01-03T21:34:45+00:00\",\"dateModified\":\"2022-08-06T19:37:17+00:00\",\"description\":\"\u010caj od kamilice\u00a0ima zvjezdani ugled u ljekovitosti s razlogom.\u00a0 Ovaj prekrasan cvijet kamilice porijeklom je iz Azije, Europe, Australije i Sjeverne Amerike, cvjeta tijekom ranih ljetnih mjeseci, a\u00a0osim \u0161to donosi oazu mira i spokoja, \u010daj od kamilice sadr\u017ei kamazulen, aromati\u010dni kemijski spoj koji posjeduje\u00a0protuupalna, analgetska i antispazmodi\u010dka svojstva.\",\"breadcrumb\":{\"@id\":\"https:\\\/\\\/premiumcajevi.com\\\/trgovina\\\/caj-od-kamilice-cvijet-premium-kvalitet-50gr\\\/#breadcrumb\"},\"inLanguage\":\"bs-BA\",\"potentialAction\":[{\"@type\":\"ReadAction\",\"target\":[\"https:\\\/\\\/premiumcajevi.com\\\/trgovina\\\/caj-od-kamilice-cvijet-premium-kvalitet-50gr\\\/\"]}]},{\"@type\":\"ImageObject\",\"inLanguage\":\"bs-BA\",\"@id\":\"https:\\\/\\\/premiumcajevi.com\\\/trgovina\\\/caj-od-kamilice-cvijet-premium-kvalitet-50gr\\\/#primaryimage\",\"url\":\"https:\\/\\/premiumcajevi.com\\/wp-content\\/uploads\\/2022\\/02\\/Slika-36.jpg\",\"contentUrl\":\"https:\\/\\/premiumcajevi.com\\/wp-content\\/uploads\\/2022\\/02\\/Slika-36.jpg\",\"width\":1024,\"height\":682,\"caption\":\"\u010caj od kamilice\"},{\"@type\":\"BreadcrumbList\",\"@id\":\"https:\\\/\\\/premiumcajevi.com\\\/trgovina\\\/caj-od-kamilice-cvijet-premium-kvalitet-50gr\\\/#breadcrumb\",\"itemListElement\":[{\"@type\":\"ListItem\",\"position\":1,\"name\":\"Home\",\"item\":\"https:\\\/\\\/premiumcajevi.com\\\/\"},{\"@type\":\"ListItem\",\"position\":2,\"name\":\"Trgovina\",\"item\":\"https:\\\/\\\/premiumcajevi.com\\\/?page_id=7\"},{\"@type\":\"ListItem\",\"position\":3,\"name\":\"\u010caj Kamilica cvijet premium kvalitet 50gr\"}]},{\"@type\":\"WebSite\",\"@id\":\"https:\\\/\\\/premiumcajevi.com\\\/#website\",\"url\":\"https:\\\/\\\/premiumcajevi.com\\\/\",\"name\":\"AlmaTea Premium \u010cajevi\",\"description\":\"Prirodi \u010dajevi vrhunskog kvaliteta\",\"potentialAction\":[{\"@type\":\"SearchAction\",\"target\":{\"@type\":\"EntryPoint\",\"urlTemplate\":\"https:\\\/\\\/premiumcajevi.com\\\/?s={search_term_string}\"},\"query-input\":{\"@type\":\"PropertyValueSpecification\",\"valueRequired\":true,\"valueName\":\"search_term_string\"}}],\"inLanguage\":\"bs-BA\"}]}<\/script>\n<!-- \/ Yoast SEO plugin. -->","yoast_head_json":{"title":"\u010caj od Kamilice cvijet premium kvalitet - AlmaTea Premium \u010cajevi","description":"\u010caj od kamilice\u00a0ima zvjezdani ugled u ljekovitosti s razlogom.\u00a0 Ovaj prekrasan cvijet kamilice porijeklom je iz Azije, Europe, Australije i Sjeverne Amerike, cvjeta tijekom ranih ljetnih mjeseci, a\u00a0osim \u0161to donosi oazu mira i spokoja, \u010daj od kamilice sadr\u017ei kamazulen, aromati\u010dni kemijski spoj koji posjeduje\u00a0protuupalna, analgetska i antispazmodi\u010dka svojstva.","robots":{"index":"index","follow":"follow","max-snippet":"max-snippet:-1","max-image-preview":"max-image-preview:large","max-video-preview":"max-video-preview:-1"},"canonical":"https:\/\/premiumcajevi.com\/trgovina\/caj-od-kamilice-cvijet-premium-kvalitet-50gr\/","og_locale":"bs_BA","og_type":"article","og_title":"\u010caj od Kamilice cvijet Premium Kvalitet","og_description":"\u010caj od kamilice\u00a0ima zvjezdani ugled u ljekovitosti s razlogom.\u00a0 Ovaj prekrasan cvijet kamilice porijeklom je iz Azije, Europe, Australije i Sjeverne Amerike, cvjeta tijekom ranih ljetnih mjeseci, a\u00a0osim \u0161to donosi oazu mira i spokoja, \u010daj od kamilice sadr\u017ei kamazulen, aromati\u010dni kemijski spoj koji posjeduje\u00a0protuupalna, analgetska i antispazmodi\u010dka svojstva.","og_url":"https:\/\/premiumcajevi.com\/trgovina\/caj-od-kamilice-cvijet-premium-kvalitet-50gr\/","og_site_name":"AlmaTea Premium \u010cajevi","article_modified_time":"2022-08-06T19:37:17+00:00","og_image":[{"width":1024,"height":682,"url":"https:\/\/ml1lrpgbyx31.i.optimole.com\/cb:CBbv~4b6a2\/w:auto\/h:auto\/q:mauto\/f:best\/ig:avif\/id:54520b95a2c090830e3fee59bd22ddbb\/https:\/\/almadermtea.com\/Slika-36.jpg","type":"image\/jpeg"}],"twitter_card":"summary_large_image","twitter_misc":{"Est. reading time":"4 minute"},"schema":{"@context":"https:\/\/schema.org","@graph":[{"@type":"WebPage","@id":"https:\/\/premiumcajevi.com\/trgovina\/caj-od-kamilice-cvijet-premium-kvalitet-50gr\/","url":"https:\/\/premiumcajevi.com\/trgovina\/caj-od-kamilice-cvijet-premium-kvalitet-50gr\/","name":"\u010caj od Kamilice cvijet premium kvalitet - AlmaTea Premium \u010cajevi","isPartOf":{"@id":"https:\/\/premiumcajevi.com\/#website"},"primaryImageOfPage":{"@id":"https:\/\/premiumcajevi.com\/trgovina\/caj-od-kamilice-cvijet-premium-kvalitet-50gr\/#primaryimage"},"image":{"@id":"https:\/\/premiumcajevi.com\/trgovina\/caj-od-kamilice-cvijet-premium-kvalitet-50gr\/#primaryimage"},"thumbnailUrl":"https:\/\/ml1lrpgbyx31.i.optimole.com\/cb:CBbv~4b6a2\/w:auto\/h:auto\/q:mauto\/f:best\/ig:avif\/https:\/\/premiumcajevi.com\/wp-content\/uploads\/2022\/02\/Slika-36.jpg","datePublished":"2022-01-03T21:34:45+00:00","dateModified":"2022-08-06T19:37:17+00:00","description":"\u010caj od kamilice\u00a0ima zvjezdani ugled u ljekovitosti s razlogom.\u00a0 Ovaj prekrasan cvijet kamilice porijeklom je iz Azije, Europe, Australije i Sjeverne Amerike, cvjeta tijekom ranih ljetnih mjeseci, a\u00a0osim \u0161to donosi oazu mira i spokoja, \u010daj od kamilice sadr\u017ei kamazulen, aromati\u010dni kemijski spoj koji posjeduje\u00a0protuupalna, analgetska i antispazmodi\u010dka svojstva.","breadcrumb":{"@id":"https:\/\/premiumcajevi.com\/trgovina\/caj-od-kamilice-cvijet-premium-kvalitet-50gr\/#breadcrumb"},"inLanguage":"bs-BA","potentialAction":[{"@type":"ReadAction","target":["https:\/\/premiumcajevi.com\/trgovina\/caj-od-kamilice-cvijet-premium-kvalitet-50gr\/"]}]},{"@type":"ImageObject","inLanguage":"bs-BA","@id":"https:\/\/premiumcajevi.com\/trgovina\/caj-od-kamilice-cvijet-premium-kvalitet-50gr\/#primaryimage","url":"https:\/\/ml1lrpgbyx31.i.optimole.com\/cb:CBbv~4b6a2\/w:auto\/h:auto\/q:mauto\/f:best\/ig:avif\/https:\/\/premiumcajevi.com\/wp-content\/uploads\/2022\/02\/Slika-36.jpg","contentUrl":"https:\/\/ml1lrpgbyx31.i.optimole.com\/cb:CBbv~4b6a2\/w:auto\/h:auto\/q:mauto\/f:best\/ig:avif\/https:\/\/premiumcajevi.com\/wp-content\/uploads\/2022\/02\/Slika-36.jpg","width":1024,"height":682,"caption":"\u010caj od kamilice"},{"@type":"BreadcrumbList","@id":"https:\/\/premiumcajevi.com\/trgovina\/caj-od-kamilice-cvijet-premium-kvalitet-50gr\/#breadcrumb","itemListElement":[{"@type":"ListItem","position":1,"name":"Home","item":"https:\/\/premiumcajevi.com\/"},{"@type":"ListItem","position":2,"name":"Trgovina","item":"https:\/\/premiumcajevi.com\/?page_id=7"},{"@type":"ListItem","position":3,"name":"\u010caj Kamilica cvijet premium kvalitet 50gr"}]},{"@type":"WebSite","@id":"https:\/\/premiumcajevi.com\/#website","url":"https:\/\/premiumcajevi.com\/","name":"AlmaTea Premium \u010cajevi","description":"Prirodi \u010dajevi vrhunskog kvaliteta","potentialAction":[{"@type":"SearchAction","target":{"@type":"EntryPoint","urlTemplate":"https:\/\/premiumcajevi.com\/?s={search_term_string}"},"query-input":{"@type":"PropertyValueSpecification","valueRequired":true,"valueName":"search_term_string"}}],"inLanguage":"bs-BA"}]}},"jetpack_sharing_enabled":true,"_links":{"self":[{"href":"https:\/\/premiumcajevi.com\/index.php?rest_route=\/wp\/v2\/product\/397","targetHints":{"allow":["GET"]}}],"collection":[{"href":"https:\/\/premiumcajevi.com\/index.php?rest_route=\/wp\/v2\/product"}],"about":[{"href":"https:\/\/premiumcajevi.com\/index.php?rest_route=\/wp\/v2\/types\/product"}],"replies":[{"embeddable":true,"href":"https:\/\/premiumcajevi.com\/index.php?rest_route=%2Fwp%2Fv2%2Fcomments&post=397"}],"wp:featuredmedia":[{"embeddable":true,"href":"https:\/\/premiumcajevi.com\/index.php?rest_route=\/wp\/v2\/media\/319"}],"wp:attachment":[{"href":"https:\/\/premiumcajevi.com\/index.php?rest_route=%2Fwp%2Fv2%2Fmedia&parent=397"}],"wp:term":[{"taxonomy":"product_brand","embeddable":true,"href":"https:\/\/premiumcajevi.com\/index.php?rest_route=%2Fwp%2Fv2%2Fproduct_brand&post=397"},{"taxonomy":"product_cat","embeddable":true,"href":"https:\/\/premiumcajevi.com\/index.php?rest_route=%2Fwp%2Fv2%2Fproduct_cat&post=397"},{"taxonomy":"product_tag","embeddable":true,"href":"https:\/\/premiumcajevi.com\/index.php?rest_route=%2Fwp%2Fv2%2Fproduct_tag&post=397"}],"curies":[{"name":"wp","href":"https:\/\/api.w.org\/{rel}","templated":true}]}}